{"id":1500,"date":"2025-02-12T23:52:47","date_gmt":"2025-02-12T22:52:47","guid":{"rendered":"https:\/\/surlesterresdaltyr.com\/index.php\/genese-de-lenchantement-2\/"},"modified":"2025-02-13T00:00:04","modified_gmt":"2025-02-12T23:00:04","slug":"nouvelles-et-romans","status":"publish","type":"page","link":"https:\/\/surlesterresdaltyr.com\/index.php\/nouvelles-et-romans\/","title":{"rendered":"Nouvelles et Romans"},"content":{"rendered":"\t\t<div data-elementor-type=\"wp-page\" data-elementor-id=\"1500\" class=\"elementor elementor-1500\">\n\t\t\t\t<div class=\"elementor-element elementor-element-9226c07 e-flex e-con-boxed wpr-particle-no wpr-jarallax-no wpr-parallax-no wpr-sticky-section-no wpr-column-slider-no wpr-equal-height-no e-con e-parent\" data-id=\"9226c07\" data-element_type=\"container\" data-e-type=\"container\">\n\t\t\t\t\t<div class=\"e-con-inner\">\n\t\t\t\t<div class=\"elementor-element elementor-element-13efcfa elementor-widget-divider--view-line elementor-widget elementor-widget-divider\" data-id=\"13efcfa\" data-element_type=\"widget\" data-e-type=\"widget\" data-widget_type=\"divider.default\">\n\t\t\t\t<div class=\"elementor-widget-container\">\n\t\t\t\t\t\t\t<div class=\"elementor-divider\">\n\t\t\t<span class=\"elementor-divider-separator\">\n\t\t\t\t\t\t<\/span>\n\t\t<\/div>\n\t\t\t\t\t\t<\/div>\n\t\t\t\t<\/div>\n\t\t\t\t\t<\/div>\n\t\t\t\t<\/div>\n\t\t<div class=\"elementor-element elementor-element-e597660 e-flex e-con-boxed wpr-particle-no wpr-jarallax-no wpr-parallax-no wpr-sticky-section-no wpr-column-slider-no wpr-equal-height-no e-con e-parent\" data-id=\"e597660\" data-element_type=\"container\" data-e-type=\"container\">\n\t\t\t\t\t<div class=\"e-con-inner\">\n\t\t\t\t<div class=\"elementor-element elementor-element-dec9b43 elementor-widget elementor-widget-heading\" data-id=\"dec9b43\" data-element_type=\"widget\" data-e-type=\"widget\" data-widget_type=\"heading.default\">\n\t\t\t\t<div class=\"elementor-widget-container\">\n\t\t\t\t\t<h1 class=\"elementor-heading-title elementor-size-default\"><a href=\"https:\/\/surlesterresdaltyr.com\/index.php\/lheritage-de-lazur\/\">L'H\u00e9ritage de l'Azur<\/a><\/h1>\t\t\t\t<\/div>\n\t\t\t\t<\/div>\n\t\t\t\t<div class=\"elementor-element elementor-element-6c21e97 elementor-widget-divider--view-line elementor-widget elementor-widget-divider\" data-id=\"6c21e97\" data-element_type=\"widget\" data-e-type=\"widget\" data-widget_type=\"divider.default\">\n\t\t\t\t<div class=\"elementor-widget-container\">\n\t\t\t\t\t\t\t<div class=\"elementor-divider\">\n\t\t\t<span class=\"elementor-divider-separator\">\n\t\t\t\t\t\t<\/span>\n\t\t<\/div>\n\t\t\t\t\t\t<\/div>\n\t\t\t\t<\/div>\n\t\t\t\t<div class=\"elementor-element elementor-element-9c09026 elementor-widget elementor-widget-text-editor\" data-id=\"9c09026\" data-element_type=\"widget\" data-e-type=\"widget\" data-widget_type=\"text-editor.default\">\n\t\t\t\t<div class=\"elementor-widget-container\">\n\t\t\t\t\t\t\t\t\t<p>Lorsqu\u2019un matin dans les montagnes les plus hautes de ce monde, la petite Na\u00efta quitte la l\u00e9gendaire cit\u00e9 des nuages pour rencontrer son avenir \u00e0 la pointe du Destin, elle voit venir beaucoup plus qu\u2019une enfant comme elle aurait pu esp\u00e9rer. Mais est-ce le cadeau d\u2019une vie, ou la pire des mal\u00e9dictions qui se pr\u00e9sente \u00e0 elle ce jour l\u00e0?<\/p>\t\t\t\t\t\t\t\t<\/div>\n\t\t\t\t<\/div>\n\t\t\t\t<div class=\"elementor-element elementor-element-26b7c9b elementor-widget elementor-widget-image\" data-id=\"26b7c9b\" data-element_type=\"widget\" data-e-type=\"widget\" data-widget_type=\"image.default\">\n\t\t\t\t<div class=\"elementor-widget-container\">\n\t\t\t\t\t\t\t\t\t\t\t\t\t\t\t\t<a href=\"https:\/\/surlesterresdaltyr.com\/index.php\/lheritage-de-lazur\/\">\n\t\t\t\t\t\t\t<img fetchpriority=\"high\" decoding=\"async\" width=\"640\" height=\"640\" src=\"https:\/\/surlesterresdaltyr.com\/wp-content\/uploads\/2025\/02\/LHeritage-de-lAzur-Couv-Site-1024x1024.jpg\" class=\"attachment-large size-large wp-image-1268\" alt=\"\" srcset=\"https:\/\/surlesterresdaltyr.com\/wp-content\/uploads\/2025\/02\/LHeritage-de-lAzur-Couv-Site-1024x1024.jpg 1024w, https:\/\/surlesterresdaltyr.com\/wp-content\/uploads\/2025\/02\/LHeritage-de-lAzur-Couv-Site-300x300.jpg 300w, https:\/\/surlesterresdaltyr.com\/wp-content\/uploads\/2025\/02\/LHeritage-de-lAzur-Couv-Site-150x150.jpg 150w, https:\/\/surlesterresdaltyr.com\/wp-content\/uploads\/2025\/02\/LHeritage-de-lAzur-Couv-Site-768x768.jpg 768w, https:\/\/surlesterresdaltyr.com\/wp-content\/uploads\/2025\/02\/LHeritage-de-lAzur-Couv-Site-1536x1536.jpg 1536w, https:\/\/surlesterresdaltyr.com\/wp-content\/uploads\/2025\/02\/LHeritage-de-lAzur-Couv-Site-850x850.jpg 850w, https:\/\/surlesterresdaltyr.com\/wp-content\/uploads\/2025\/02\/LHeritage-de-lAzur-Couv-Site.jpg 2000w\" sizes=\"(max-width: 640px) 100vw, 640px\" \/>\t\t\t\t\t\t\t\t<\/a>\n\t\t\t\t\t\t\t\t\t\t\t\t\t\t\t<\/div>\n\t\t\t\t<\/div>\n\t\t\t\t\t<\/div>\n\t\t\t\t<\/div>\n\t\t<div class=\"elementor-element elementor-element-2b7b47c e-flex e-con-boxed wpr-particle-no wpr-jarallax-no wpr-parallax-no wpr-sticky-section-no wpr-column-slider-no wpr-equal-height-no e-con e-parent\" data-id=\"2b7b47c\" data-element_type=\"container\" data-e-type=\"container\">\n\t\t\t\t\t<div class=\"e-con-inner\">\n\t\t\t\t<div class=\"elementor-element elementor-element-d896253 elementor-widget__width-inherit elementor-widget-divider--separator-type-pattern elementor-widget-divider--no-spacing elementor-widget-divider--view-line elementor-widget elementor-widget-divider\" data-id=\"d896253\" data-element_type=\"widget\" data-e-type=\"widget\" data-widget_type=\"divider.default\">\n\t\t\t\t<div class=\"elementor-widget-container\">\n\t\t\t\t\t\t\t<div class=\"elementor-divider\" style=\"--divider-pattern-url: url(&quot;data:image\/svg+xml,%3Csvg xmlns=&#039;http:\/\/www.w3.org\/2000\/svg&#039; preserveAspectRatio=&#039;xMidYMid meet&#039; overflow=&#039;visible&#039; height=&#039;100%&#039; viewBox=&#039;0 0 126 26&#039; fill=&#039;black&#039; stroke=&#039;none&#039;%3E%3Cpath d=&#039;M111.9,18.3v3.4H109v-3.4H111.9z M90.8,18.3v3.4H88v-3.4H90.8z M69.8,18.3v3.4h-2.9v-3.4H69.8z M48.8,18.3v3.4h-2.9v-3.4H48.8z M27.7,18.3v3.4h-2.9v-3.4H27.7z M6.7,18.3v3.4H3.8v-3.4H6.7z M46.4,4l4.3,4.8l-1.8,0l3.5,4.4l-2.2-0.1l3,3.3l-11,0.4l3.6-3.8l-2.9-0.1l3.1-4.2l-1.9,0L46.4,4z M111.4,4l2.4,4.8l-1.8,0l3.5,4.4l-2.5-0.1l3.3,3.3h-11l3.1-3.4l-2.5-0.1l3.1-4.2l-1.9,0L111.4,4z M89.9,4l2.9,4.8l-1.9,0l3.2,4.2l-2.5,0l3.5,3.5l-11-0.4l3-3.1l-2.4,0L88,8.8l-1.9,0L89.9,4z M68.6,4l3,4.4l-1.9,0.1l3.4,4.1l-2.7,0.1l3.8,3.7H63.8l2.9-3.6l-2.9,0.1L67,8.7l-2,0.1L68.6,4z M26.5,4l3,4.4l-1.9,0.1l3.7,4.7l-2.5-0.1l3.3,3.3H21l3.1-3.4l-2.5-0.1l3.2-4.3l-2,0.1L26.5,4z M4.9,4l3.7,4.8l-1.5,0l3.1,4.2L7.6,13l3.4,3.4H0l3-3.3l-2.3,0.1l3.5-4.4l-2.3,0L4.9,4z&#039;\/%3E%3C\/svg%3E&quot;);\">\n\t\t\t<span class=\"elementor-divider-separator\">\n\t\t\t\t\t\t<\/span>\n\t\t<\/div>\n\t\t\t\t\t\t<\/div>\n\t\t\t\t<\/div>\n\t\t\t\t\t<\/div>\n\t\t\t\t<\/div>\n\t\t<div class=\"elementor-element elementor-element-acb331a e-flex e-con-boxed wpr-particle-no wpr-jarallax-no wpr-parallax-no wpr-sticky-section-no wpr-column-slider-no wpr-equal-height-no e-con e-parent\" data-id=\"acb331a\" data-element_type=\"container\" data-e-type=\"container\">\n\t\t\t\t\t<div class=\"e-con-inner\">\n\t\t\t\t<div class=\"elementor-element elementor-element-345dbd8 elementor-widget-divider--view-line elementor-widget elementor-widget-divider\" data-id=\"345dbd8\" data-element_type=\"widget\" data-e-type=\"widget\" data-widget_type=\"divider.default\">\n\t\t\t\t<div class=\"elementor-widget-container\">\n\t\t\t\t\t\t\t<div class=\"elementor-divider\">\n\t\t\t<span class=\"elementor-divider-separator\">\n\t\t\t\t\t\t<\/span>\n\t\t<\/div>\n\t\t\t\t\t\t<\/div>\n\t\t\t\t<\/div>\n\t\t\t\t<div class=\"elementor-element elementor-element-6022412 elementor-widget elementor-widget-image\" data-id=\"6022412\" data-element_type=\"widget\" data-e-type=\"widget\" data-widget_type=\"image.default\">\n\t\t\t\t<div class=\"elementor-widget-container\">\n\t\t\t\t\t\t\t\t\t\t\t\t\t\t\t<img decoding=\"async\" src=\"https:\/\/surlesterresdaltyr.com\/wp-content\/plugins\/elementor\/assets\/images\/placeholder.png\" title=\"\" alt=\"\" loading=\"lazy\" \/>\t\t\t\t\t\t\t\t\t\t\t\t\t\t\t<\/div>\n\t\t\t\t<\/div>\n\t\t\t\t\t<\/div>\n\t\t\t\t<\/div>\n\t\t<div class=\"elementor-element elementor-element-3c73cfd e-flex e-con-boxed wpr-particle-no wpr-jarallax-no wpr-parallax-no wpr-sticky-section-no wpr-column-slider-no wpr-equal-height-no e-con e-parent\" data-id=\"3c73cfd\" data-element_type=\"container\" data-e-type=\"container\">\n\t\t\t\t\t<div class=\"e-con-inner\">\n\t\t\t\t<div class=\"elementor-element elementor-element-a7d46d8 elementor-widget__width-inherit elementor-widget-divider--separator-type-pattern elementor-widget-divider--no-spacing elementor-widget-divider--view-line elementor-widget elementor-widget-divider\" data-id=\"a7d46d8\" data-element_type=\"widget\" data-e-type=\"widget\" data-widget_type=\"divider.default\">\n\t\t\t\t<div class=\"elementor-widget-container\">\n\t\t\t\t\t\t\t<div class=\"elementor-divider\" style=\"--divider-pattern-url: url(&quot;data:image\/svg+xml,%3Csvg xmlns=&#039;http:\/\/www.w3.org\/2000\/svg&#039; preserveAspectRatio=&#039;xMidYMid meet&#039; overflow=&#039;visible&#039; height=&#039;100%&#039; viewBox=&#039;0 0 126 26&#039; fill=&#039;black&#039; stroke=&#039;none&#039;%3E%3Cpath d=&#039;M111.9,18.3v3.4H109v-3.4H111.9z M90.8,18.3v3.4H88v-3.4H90.8z M69.8,18.3v3.4h-2.9v-3.4H69.8z M48.8,18.3v3.4h-2.9v-3.4H48.8z M27.7,18.3v3.4h-2.9v-3.4H27.7z M6.7,18.3v3.4H3.8v-3.4H6.7z M46.4,4l4.3,4.8l-1.8,0l3.5,4.4l-2.2-0.1l3,3.3l-11,0.4l3.6-3.8l-2.9-0.1l3.1-4.2l-1.9,0L46.4,4z M111.4,4l2.4,4.8l-1.8,0l3.5,4.4l-2.5-0.1l3.3,3.3h-11l3.1-3.4l-2.5-0.1l3.1-4.2l-1.9,0L111.4,4z M89.9,4l2.9,4.8l-1.9,0l3.2,4.2l-2.5,0l3.5,3.5l-11-0.4l3-3.1l-2.4,0L88,8.8l-1.9,0L89.9,4z M68.6,4l3,4.4l-1.9,0.1l3.4,4.1l-2.7,0.1l3.8,3.7H63.8l2.9-3.6l-2.9,0.1L67,8.7l-2,0.1L68.6,4z M26.5,4l3,4.4l-1.9,0.1l3.7,4.7l-2.5-0.1l3.3,3.3H21l3.1-3.4l-2.5-0.1l3.2-4.3l-2,0.1L26.5,4z M4.9,4l3.7,4.8l-1.5,0l3.1,4.2L7.6,13l3.4,3.4H0l3-3.3l-2.3,0.1l3.5-4.4l-2.3,0L4.9,4z&#039;\/%3E%3C\/svg%3E&quot;);\">\n\t\t\t<span class=\"elementor-divider-separator\">\n\t\t\t\t\t\t<\/span>\n\t\t<\/div>\n\t\t\t\t\t\t<\/div>\n\t\t\t\t<\/div>\n\t\t\t\t\t<\/div>\n\t\t\t\t<\/div>\n\t\t<div class=\"elementor-element elementor-element-090e9fb e-flex e-con-boxed wpr-particle-no wpr-jarallax-no wpr-parallax-no wpr-sticky-section-no wpr-column-slider-no wpr-equal-height-no e-con e-parent\" data-id=\"090e9fb\" data-element_type=\"container\" data-e-type=\"container\">\n\t\t\t\t\t<div class=\"e-con-inner\">\n\t\t\t\t<div class=\"elementor-element elementor-element-079052b elementor-widget-divider--view-line elementor-widget elementor-widget-divider\" data-id=\"079052b\" data-element_type=\"widget\" data-e-type=\"widget\" data-widget_type=\"divider.default\">\n\t\t\t\t<div class=\"elementor-widget-container\">\n\t\t\t\t\t\t\t<div class=\"elementor-divider\">\n\t\t\t<span class=\"elementor-divider-separator\">\n\t\t\t\t\t\t<\/span>\n\t\t<\/div>\n\t\t\t\t\t\t<\/div>\n\t\t\t\t<\/div>\n\t\t\t\t<div class=\"elementor-element elementor-element-52b2d8b elementor-widget elementor-widget-image\" data-id=\"52b2d8b\" data-element_type=\"widget\" data-e-type=\"widget\" data-widget_type=\"image.default\">\n\t\t\t\t<div class=\"elementor-widget-container\">\n\t\t\t\t\t\t\t\t\t\t\t\t\t\t\t<img decoding=\"async\" src=\"https:\/\/surlesterresdaltyr.com\/wp-content\/plugins\/elementor\/assets\/images\/placeholder.png\" title=\"\" alt=\"\" loading=\"lazy\" \/>\t\t\t\t\t\t\t\t\t\t\t\t\t\t\t<\/div>\n\t\t\t\t<\/div>\n\t\t\t\t\t<\/div>\n\t\t\t\t<\/div>\n\t\t<div class=\"elementor-element elementor-element-2c0a007 e-flex e-con-boxed wpr-particle-no wpr-jarallax-no wpr-parallax-no wpr-sticky-section-no wpr-column-slider-no wpr-equal-height-no e-con e-parent\" data-id=\"2c0a007\" data-element_type=\"container\" data-e-type=\"container\">\n\t\t\t\t\t<div class=\"e-con-inner\">\n\t\t\t\t<div class=\"elementor-element elementor-element-cf3f799 elementor-widget__width-inherit elementor-widget-divider--separator-type-pattern elementor-widget-divider--no-spacing elementor-widget-divider--view-line elementor-widget elementor-widget-divider\" data-id=\"cf3f799\" data-element_type=\"widget\" data-e-type=\"widget\" data-widget_type=\"divider.default\">\n\t\t\t\t<div class=\"elementor-widget-container\">\n\t\t\t\t\t\t\t<div class=\"elementor-divider\" style=\"--divider-pattern-url: url(&quot;data:image\/svg+xml,%3Csvg xmlns=&#039;http:\/\/www.w3.org\/2000\/svg&#039; preserveAspectRatio=&#039;xMidYMid meet&#039; overflow=&#039;visible&#039; height=&#039;100%&#039; viewBox=&#039;0 0 126 26&#039; fill=&#039;black&#039; stroke=&#039;none&#039;%3E%3Cpath d=&#039;M111.9,18.3v3.4H109v-3.4H111.9z M90.8,18.3v3.4H88v-3.4H90.8z M69.8,18.3v3.4h-2.9v-3.4H69.8z M48.8,18.3v3.4h-2.9v-3.4H48.8z M27.7,18.3v3.4h-2.9v-3.4H27.7z M6.7,18.3v3.4H3.8v-3.4H6.7z M46.4,4l4.3,4.8l-1.8,0l3.5,4.4l-2.2-0.1l3,3.3l-11,0.4l3.6-3.8l-2.9-0.1l3.1-4.2l-1.9,0L46.4,4z M111.4,4l2.4,4.8l-1.8,0l3.5,4.4l-2.5-0.1l3.3,3.3h-11l3.1-3.4l-2.5-0.1l3.1-4.2l-1.9,0L111.4,4z M89.9,4l2.9,4.8l-1.9,0l3.2,4.2l-2.5,0l3.5,3.5l-11-0.4l3-3.1l-2.4,0L88,8.8l-1.9,0L89.9,4z M68.6,4l3,4.4l-1.9,0.1l3.4,4.1l-2.7,0.1l3.8,3.7H63.8l2.9-3.6l-2.9,0.1L67,8.7l-2,0.1L68.6,4z M26.5,4l3,4.4l-1.9,0.1l3.7,4.7l-2.5-0.1l3.3,3.3H21l3.1-3.4l-2.5-0.1l3.2-4.3l-2,0.1L26.5,4z M4.9,4l3.7,4.8l-1.5,0l3.1,4.2L7.6,13l3.4,3.4H0l3-3.3l-2.3,0.1l3.5-4.4l-2.3,0L4.9,4z&#039;\/%3E%3C\/svg%3E&quot;);\">\n\t\t\t<span class=\"elementor-divider-separator\">\n\t\t\t\t\t\t<\/span>\n\t\t<\/div>\n\t\t\t\t\t\t<\/div>\n\t\t\t\t<\/div>\n\t\t\t\t\t<\/div>\n\t\t\t\t<\/div>\n\t\t<div class=\"elementor-element elementor-element-06510df e-flex e-con-boxed wpr-particle-no wpr-jarallax-no wpr-parallax-no wpr-sticky-section-no wpr-column-slider-no wpr-equal-height-no e-con e-parent\" data-id=\"06510df\" data-element_type=\"container\" data-e-type=\"container\">\n\t\t\t\t\t<div class=\"e-con-inner\">\n\t\t\t\t<div class=\"elementor-element elementor-element-278546a elementor-widget-divider--view-line elementor-widget elementor-widget-divider\" data-id=\"278546a\" data-element_type=\"widget\" data-e-type=\"widget\" data-widget_type=\"divider.default\">\n\t\t\t\t<div class=\"elementor-widget-container\">\n\t\t\t\t\t\t\t<div class=\"elementor-divider\">\n\t\t\t<span class=\"elementor-divider-separator\">\n\t\t\t\t\t\t<\/span>\n\t\t<\/div>\n\t\t\t\t\t\t<\/div>\n\t\t\t\t<\/div>\n\t\t\t\t\t<\/div>\n\t\t\t\t<\/div>\n\t\t<div class=\"elementor-element elementor-element-c8c6ffd e-flex e-con-boxed wpr-particle-no wpr-jarallax-no wpr-parallax-no wpr-sticky-section-no wpr-column-slider-no wpr-equal-height-no e-con e-parent\" data-id=\"c8c6ffd\" data-element_type=\"container\" data-e-type=\"container\">\n\t\t\t\t\t<div class=\"e-con-inner\">\n\t\t\t\t<div class=\"elementor-element elementor-element-73635c4 elementor-widget-divider--view-line elementor-widget elementor-widget-divider\" data-id=\"73635c4\" data-element_type=\"widget\" data-e-type=\"widget\" data-widget_type=\"divider.default\">\n\t\t\t\t<div class=\"elementor-widget-container\">\n\t\t\t\t\t\t\t<div class=\"elementor-divider\">\n\t\t\t<span class=\"elementor-divider-separator\">\n\t\t\t\t\t\t<\/span>\n\t\t<\/div>\n\t\t\t\t\t\t<\/div>\n\t\t\t\t<\/div>\n\t\t\t\t\t<\/div>\n\t\t\t\t<\/div>\n\t\t\t\t<\/div>\n\t\t","protected":false},"excerpt":{"rendered":"<p>L&rsquo;H\u00e9ritage de l&rsquo;Azur Lorsqu\u2019un matin dans les montagnes les plus hautes de ce monde, la petite Na\u00efta quitte la l\u00e9gendaire cit\u00e9 des nuages pour rencontrer son avenir \u00e0 la pointe du Destin, elle voit venir beaucoup plus qu\u2019une enfant comme elle aurait pu esp\u00e9rer. Mais est-ce le cadeau d\u2019une vie, ou la pire des mal\u00e9dictions qui se pr\u00e9sente \u00e0 elle ce jour l\u00e0?<\/p>\n","protected":false},"author":1,"featured_media":0,"parent":0,"menu_order":0,"comment_status":"closed","ping_status":"closed","template":"elementor_header_footer","meta":{"_uag_custom_page_level_css":"","footnotes":""},"class_list":["post-1500","page","type-page","status-publish","hentry"],"yoast_head":"<!-- This site is optimized with the Yoast SEO plugin v27.5 - https:\/\/yoast.com\/product\/yoast-seo-wordpress\/ -->\n<title>Nouvelles et Romans - Sur les Terres d&#039;Altyr<\/title>\n<meta name=\"robots\" content=\"index, follow, max-snippet:-1, max-image-preview:large, max-video-preview:-1\" \/>\n<link rel=\"canonical\" href=\"https:\/\/surlesterresdaltyr.com\/index.php\/nouvelles-et-romans\/\" \/>\n<meta property=\"og:locale\" content=\"fr_FR\" \/>\n<meta property=\"og:type\" content=\"article\" \/>\n<meta property=\"og:title\" content=\"Nouvelles et Romans - Sur les Terres d&#039;Altyr\" \/>\n<meta property=\"og:description\" content=\"L&rsquo;H\u00e9ritage de l&rsquo;Azur Lorsqu\u2019un matin dans les montagnes les plus hautes de ce monde, la petite Na\u00efta quitte la l\u00e9gendaire cit\u00e9 des nuages pour rencontrer son avenir \u00e0 la pointe du Destin, elle voit venir beaucoup plus qu\u2019une enfant comme elle aurait pu esp\u00e9rer. Mais est-ce le cadeau d\u2019une vie, ou la pire des mal\u00e9dictions qui se pr\u00e9sente \u00e0 elle ce jour l\u00e0?\" \/>\n<meta property=\"og:url\" content=\"https:\/\/surlesterresdaltyr.com\/index.php\/nouvelles-et-romans\/\" \/>\n<meta property=\"og:site_name\" content=\"Sur les Terres d&#039;Altyr\" \/>\n<meta property=\"article:publisher\" content=\"https:\/\/www.facebook.com\/surlesterresdaltyr\/\" \/>\n<meta property=\"article:modified_time\" content=\"2025-02-12T23:00:04+00:00\" \/>\n<meta property=\"og:image\" content=\"http:\/\/surlesterresdaltyr.com\/wp-content\/uploads\/2025\/02\/LHeritage-de-lAzur-Couv-Site-1024x1024.jpg\" \/>\n<meta name=\"twitter:card\" content=\"summary_large_image\" \/>\n<meta name=\"twitter:label1\" content=\"Dur\u00e9e de lecture estim\u00e9e\" \/>\n\t<meta name=\"twitter:data1\" content=\"1 minute\" \/>\n<script type=\"application\/ld+json\" class=\"yoast-schema-graph\">{\"@context\":\"https:\\\/\\\/schema.org\",\"@graph\":[{\"@type\":\"WebPage\",\"@id\":\"https:\\\/\\\/surlesterresdaltyr.com\\\/index.php\\\/nouvelles-et-romans\\\/\",\"url\":\"https:\\\/\\\/surlesterresdaltyr.com\\\/index.php\\\/nouvelles-et-romans\\\/\",\"name\":\"Nouvelles et Romans - Sur les Terres d&#039;Altyr\",\"isPartOf\":{\"@id\":\"https:\\\/\\\/surlesterresdaltyr.com\\\/#website\"},\"primaryImageOfPage\":{\"@id\":\"https:\\\/\\\/surlesterresdaltyr.com\\\/index.php\\\/nouvelles-et-romans\\\/#primaryimage\"},\"image\":{\"@id\":\"https:\\\/\\\/surlesterresdaltyr.com\\\/index.php\\\/nouvelles-et-romans\\\/#primaryimage\"},\"thumbnailUrl\":\"http:\\\/\\\/surlesterresdaltyr.com\\\/wp-content\\\/uploads\\\/2025\\\/02\\\/LHeritage-de-lAzur-Couv-Site-1024x1024.jpg\",\"datePublished\":\"2025-02-12T22:52:47+00:00\",\"dateModified\":\"2025-02-12T23:00:04+00:00\",\"breadcrumb\":{\"@id\":\"https:\\\/\\\/surlesterresdaltyr.com\\\/index.php\\\/nouvelles-et-romans\\\/#breadcrumb\"},\"inLanguage\":\"fr-FR\",\"potentialAction\":[{\"@type\":\"ReadAction\",\"target\":[\"https:\\\/\\\/surlesterresdaltyr.com\\\/index.php\\\/nouvelles-et-romans\\\/\"]}]},{\"@type\":\"ImageObject\",\"inLanguage\":\"fr-FR\",\"@id\":\"https:\\\/\\\/surlesterresdaltyr.com\\\/index.php\\\/nouvelles-et-romans\\\/#primaryimage\",\"url\":\"http:\\\/\\\/surlesterresdaltyr.com\\\/wp-content\\\/uploads\\\/2025\\\/02\\\/LHeritage-de-lAzur-Couv-Site-1024x1024.jpg\",\"contentUrl\":\"http:\\\/\\\/surlesterresdaltyr.com\\\/wp-content\\\/uploads\\\/2025\\\/02\\\/LHeritage-de-lAzur-Couv-Site-1024x1024.jpg\"},{\"@type\":\"BreadcrumbList\",\"@id\":\"https:\\\/\\\/surlesterresdaltyr.com\\\/index.php\\\/nouvelles-et-romans\\\/#breadcrumb\",\"itemListElement\":[{\"@type\":\"ListItem\",\"position\":1,\"name\":\"Accueil\",\"item\":\"https:\\\/\\\/surlesterresdaltyr.com\\\/\"},{\"@type\":\"ListItem\",\"position\":2,\"name\":\"Nouvelles et Romans\"}]},{\"@type\":\"WebSite\",\"@id\":\"https:\\\/\\\/surlesterresdaltyr.com\\\/#website\",\"url\":\"https:\\\/\\\/surlesterresdaltyr.com\\\/\",\"name\":\"Sur les Terres d'Altyr\",\"description\":\"Contes et L\u00e9gendes Oubli\u00e9es\",\"publisher\":{\"@id\":\"https:\\\/\\\/surlesterresdaltyr.com\\\/#organization\"},\"potentialAction\":[{\"@type\":\"SearchAction\",\"target\":{\"@type\":\"EntryPoint\",\"urlTemplate\":\"https:\\\/\\\/surlesterresdaltyr.com\\\/?s={search_term_string}\"},\"query-input\":{\"@type\":\"PropertyValueSpecification\",\"valueRequired\":true,\"valueName\":\"search_term_string\"}}],\"inLanguage\":\"fr-FR\"},{\"@type\":\"Organization\",\"@id\":\"https:\\\/\\\/surlesterresdaltyr.com\\\/#organization\",\"name\":\"Sur les Terres d'Altyr\",\"url\":\"https:\\\/\\\/surlesterresdaltyr.com\\\/\",\"logo\":{\"@type\":\"ImageObject\",\"inLanguage\":\"fr-FR\",\"@id\":\"https:\\\/\\\/surlesterresdaltyr.com\\\/#\\\/schema\\\/logo\\\/image\\\/\",\"url\":\"https:\\\/\\\/surlesterresdaltyr.com\\\/wp-content\\\/uploads\\\/2025\\\/02\\\/cropped-Altyr-Yggdrasil.jpg\",\"contentUrl\":\"https:\\\/\\\/surlesterresdaltyr.com\\\/wp-content\\\/uploads\\\/2025\\\/02\\\/cropped-Altyr-Yggdrasil.jpg\",\"width\":512,\"height\":512,\"caption\":\"Sur les Terres d'Altyr\"},\"image\":{\"@id\":\"https:\\\/\\\/surlesterresdaltyr.com\\\/#\\\/schema\\\/logo\\\/image\\\/\"},\"sameAs\":[\"https:\\\/\\\/www.facebook.com\\\/surlesterresdaltyr\\\/\",\"https:\\\/\\\/www.instagram.com\\\/surlesterresdaltyr\\\/\"]}]}<\/script>\n<!-- \/ Yoast SEO plugin. -->","yoast_head_json":{"title":"Nouvelles et Romans - Sur les Terres d&#039;Altyr","robots":{"index":"index","follow":"follow","max-snippet":"max-snippet:-1","max-image-preview":"max-image-preview:large","max-video-preview":"max-video-preview:-1"},"canonical":"https:\/\/surlesterresdaltyr.com\/index.php\/nouvelles-et-romans\/","og_locale":"fr_FR","og_type":"article","og_title":"Nouvelles et Romans - Sur les Terres d&#039;Altyr","og_description":"L&rsquo;H\u00e9ritage de l&rsquo;Azur Lorsqu\u2019un matin dans les montagnes les plus hautes de ce monde, la petite Na\u00efta quitte la l\u00e9gendaire cit\u00e9 des nuages pour rencontrer son avenir \u00e0 la pointe du Destin, elle voit venir beaucoup plus qu\u2019une enfant comme elle aurait pu esp\u00e9rer. Mais est-ce le cadeau d\u2019une vie, ou la pire des mal\u00e9dictions qui se pr\u00e9sente \u00e0 elle ce jour l\u00e0?","og_url":"https:\/\/surlesterresdaltyr.com\/index.php\/nouvelles-et-romans\/","og_site_name":"Sur les Terres d&#039;Altyr","article_publisher":"https:\/\/www.facebook.com\/surlesterresdaltyr\/","article_modified_time":"2025-02-12T23:00:04+00:00","og_image":[{"url":"http:\/\/surlesterresdaltyr.com\/wp-content\/uploads\/2025\/02\/LHeritage-de-lAzur-Couv-Site-1024x1024.jpg","type":"","width":"","height":""}],"twitter_card":"summary_large_image","twitter_misc":{"Dur\u00e9e de lecture estim\u00e9e":"1 minute"},"schema":{"@context":"https:\/\/schema.org","@graph":[{"@type":"WebPage","@id":"https:\/\/surlesterresdaltyr.com\/index.php\/nouvelles-et-romans\/","url":"https:\/\/surlesterresdaltyr.com\/index.php\/nouvelles-et-romans\/","name":"Nouvelles et Romans - Sur les Terres d&#039;Altyr","isPartOf":{"@id":"https:\/\/surlesterresdaltyr.com\/#website"},"primaryImageOfPage":{"@id":"https:\/\/surlesterresdaltyr.com\/index.php\/nouvelles-et-romans\/#primaryimage"},"image":{"@id":"https:\/\/surlesterresdaltyr.com\/index.php\/nouvelles-et-romans\/#primaryimage"},"thumbnailUrl":"http:\/\/surlesterresdaltyr.com\/wp-content\/uploads\/2025\/02\/LHeritage-de-lAzur-Couv-Site-1024x1024.jpg","datePublished":"2025-02-12T22:52:47+00:00","dateModified":"2025-02-12T23:00:04+00:00","breadcrumb":{"@id":"https:\/\/surlesterresdaltyr.com\/index.php\/nouvelles-et-romans\/#breadcrumb"},"inLanguage":"fr-FR","potentialAction":[{"@type":"ReadAction","target":["https:\/\/surlesterresdaltyr.com\/index.php\/nouvelles-et-romans\/"]}]},{"@type":"ImageObject","inLanguage":"fr-FR","@id":"https:\/\/surlesterresdaltyr.com\/index.php\/nouvelles-et-romans\/#primaryimage","url":"http:\/\/surlesterresdaltyr.com\/wp-content\/uploads\/2025\/02\/LHeritage-de-lAzur-Couv-Site-1024x1024.jpg","contentUrl":"http:\/\/surlesterresdaltyr.com\/wp-content\/uploads\/2025\/02\/LHeritage-de-lAzur-Couv-Site-1024x1024.jpg"},{"@type":"BreadcrumbList","@id":"https:\/\/surlesterresdaltyr.com\/index.php\/nouvelles-et-romans\/#breadcrumb","itemListElement":[{"@type":"ListItem","position":1,"name":"Accueil","item":"https:\/\/surlesterresdaltyr.com\/"},{"@type":"ListItem","position":2,"name":"Nouvelles et Romans"}]},{"@type":"WebSite","@id":"https:\/\/surlesterresdaltyr.com\/#website","url":"https:\/\/surlesterresdaltyr.com\/","name":"Sur les Terres d'Altyr","description":"Contes et L\u00e9gendes Oubli\u00e9es","publisher":{"@id":"https:\/\/surlesterresdaltyr.com\/#organization"},"potentialAction":[{"@type":"SearchAction","target":{"@type":"EntryPoint","urlTemplate":"https:\/\/surlesterresdaltyr.com\/?s={search_term_string}"},"query-input":{"@type":"PropertyValueSpecification","valueRequired":true,"valueName":"search_term_string"}}],"inLanguage":"fr-FR"},{"@type":"Organization","@id":"https:\/\/surlesterresdaltyr.com\/#organization","name":"Sur les Terres d'Altyr","url":"https:\/\/surlesterresdaltyr.com\/","logo":{"@type":"ImageObject","inLanguage":"fr-FR","@id":"https:\/\/surlesterresdaltyr.com\/#\/schema\/logo\/image\/","url":"https:\/\/surlesterresdaltyr.com\/wp-content\/uploads\/2025\/02\/cropped-Altyr-Yggdrasil.jpg","contentUrl":"https:\/\/surlesterresdaltyr.com\/wp-content\/uploads\/2025\/02\/cropped-Altyr-Yggdrasil.jpg","width":512,"height":512,"caption":"Sur les Terres d'Altyr"},"image":{"@id":"https:\/\/surlesterresdaltyr.com\/#\/schema\/logo\/image\/"},"sameAs":["https:\/\/www.facebook.com\/surlesterresdaltyr\/","https:\/\/www.instagram.com\/surlesterresdaltyr\/"]}]}},"uagb_featured_image_src":{"full":false,"thumbnail":false,"medium":false,"medium_large":false,"large":false,"1536x1536":false,"2048x2048":false,"post-thumbnail":false,"minimalistblogger-grid":false,"minimalistblogger-slider":false,"minimalistblogger-small":false,"mailpoet_newsletter_max":false},"uagb_author_info":{"display_name":"Elisabeth \u00dcbner","author_link":"https:\/\/surlesterresdaltyr.com\/index.php\/author\/admin9336\/"},"uagb_comment_info":0,"uagb_excerpt":"L&rsquo;H\u00e9ritage de l&rsquo;Azur Lorsqu\u2019un matin dans les montagnes les plus hautes de ce monde, la petite Na\u00efta quitte la l\u00e9gendaire cit\u00e9 des nuages pour rencontrer son avenir \u00e0 la pointe du Destin, elle voit venir beaucoup plus qu\u2019une enfant comme elle aurait pu esp\u00e9rer. Mais est-ce le cadeau d\u2019une vie, ou la pire des mal\u00e9dictions\u2026","_links":{"self":[{"href":"https:\/\/surlesterresdaltyr.com\/index.php\/wp-json\/wp\/v2\/pages\/1500","targetHints":{"allow":["GET"]}}],"collection":[{"href":"https:\/\/surlesterresdaltyr.com\/index.php\/wp-json\/wp\/v2\/pages"}],"about":[{"href":"https:\/\/surlesterresdaltyr.com\/index.php\/wp-json\/wp\/v2\/types\/page"}],"author":[{"embeddable":true,"href":"https:\/\/surlesterresdaltyr.com\/index.php\/wp-json\/wp\/v2\/users\/1"}],"replies":[{"embeddable":true,"href":"https:\/\/surlesterresdaltyr.com\/index.php\/wp-json\/wp\/v2\/comments?post=1500"}],"version-history":[{"count":1,"href":"https:\/\/surlesterresdaltyr.com\/index.php\/wp-json\/wp\/v2\/pages\/1500\/revisions"}],"predecessor-version":[{"id":1505,"href":"https:\/\/surlesterresdaltyr.com\/index.php\/wp-json\/wp\/v2\/pages\/1500\/revisions\/1505"}],"wp:attachment":[{"href":"https:\/\/surlesterresdaltyr.com\/index.php\/wp-json\/wp\/v2\/media?parent=1500"}],"curies":[{"name":"wp","href":"https:\/\/api.w.org\/{rel}","templated":true}]}}