{"id":2,"date":"2025-01-11T17:22:33","date_gmt":"2025-01-11T16:22:33","guid":{"rendered":"http:\/\/surlesterresdaltyr.com\/?page_id=2"},"modified":"2025-02-12T22:31:35","modified_gmt":"2025-02-12T21:31:35","slug":"accueil","status":"publish","type":"page","link":"https:\/\/surlesterresdaltyr.com\/","title":{"rendered":"Accueil"},"content":{"rendered":"\t\t<div data-elementor-type=\"wp-page\" data-elementor-id=\"2\" class=\"elementor elementor-2\">\n\t\t\t\t<div class=\"elementor-element elementor-element-5239233 e-flex e-con-boxed wpr-particle-no wpr-jarallax-no wpr-parallax-no wpr-sticky-section-no wpr-column-slider-no wpr-equal-height-no e-con e-parent\" data-id=\"5239233\" data-element_type=\"container\" data-e-type=\"container\">\n\t\t\t\t\t<div class=\"e-con-inner\">\n\t\t\t\t<div class=\"elementor-element elementor-element-19941d9 elementor-widget elementor-widget-text-editor\" data-id=\"19941d9\" data-element_type=\"widget\" data-e-type=\"widget\" data-widget_type=\"text-editor.default\">\n\t\t\t\t<div class=\"elementor-widget-container\">\n\t\t\t\t\t\t\t\t\t<p>\u00a0<\/p><p>Bienvenue sur les Terres d\u2019Altyr<\/p><p>Vous vous appr\u00eatez \u00e0 entrer sur un territoire m\u00e9connu et qui paradoxalement ne vous sera pas si \u00e9tranger.<\/p><p>Au fil du temps, une toile se tisse entre les contes rapport\u00e9s de ce monde , une histoire unique na\u00eetra sans doute de leur union et la l\u00e9gende d\u2019Altyr pourra enfin prendre corps.\u00a0<\/p><p>Bienvenue \u00e0 vous \u00e9trangers dans cet univers futur et pass\u00e9 o\u00f9 les mythes deviennent des r\u00e9alit\u00e9s !\u00a0<\/p><p>Prenez garde malgr\u00e9 tout, gardez toujours un oeil ouvert, au cas o\u00f9\u2026 si la terre tremble, si la flamme vacille, si l\u2019eau fr\u00e9mit, si le vent tourne\u2026 les faiseurs de r\u00eaves ne sont jamais loin ! \u00a9<\/p><p>\u00c9lisabeth.<\/p>\t\t\t\t\t\t\t\t<\/div>\n\t\t\t\t<\/div>\n\t\t\t\t\t<\/div>\n\t\t\t\t<\/div>\n\t\t\t\t<\/div>\n\t\t","protected":false},"excerpt":{"rendered":"<p>\u00a0 Bienvenue sur les Terres d\u2019Altyr Vous vous appr\u00eatez \u00e0 entrer sur un territoire m\u00e9connu et qui paradoxalement ne vous sera pas si \u00e9tranger. Au fil du temps, une toile se tisse entre les contes rapport\u00e9s de ce monde , une histoire unique na\u00eetra sans doute de leur union et la l\u00e9gende d\u2019Altyr pourra enfin prendre corps.\u00a0 Bienvenue \u00e0 vous \u00e9trangers dans cet univers futur et pass\u00e9 o\u00f9 les mythes deviennent des r\u00e9alit\u00e9s !\u00a0 Prenez garde malgr\u00e9 tout, gardez toujours un oeil ouvert, au cas o\u00f9\u2026 si la terre tremble, si la flamme vacille, si l\u2019eau fr\u00e9mit, si le vent tourne\u2026 les faiseurs de r\u00eaves ne sont jamais loin ! \u00a9 \u00c9lisabeth.<\/p>\n","protected":false},"author":1,"featured_media":0,"parent":0,"menu_order":0,"comment_status":"closed","ping_status":"closed","template":"elementor_header_footer","meta":{"_uag_custom_page_level_css":"","footnotes":""},"class_list":["post-2","page","type-page","status-publish","hentry"],"yoast_head":"<!-- This site is optimized with the Yoast SEO plugin v27.5 - https:\/\/yoast.com\/product\/yoast-seo-wordpress\/ -->\n<title>Accueil - Sur les Terres d&#039;Altyr<\/title>\n<meta name=\"robots\" content=\"index, follow, max-snippet:-1, max-image-preview:large, max-video-preview:-1\" \/>\n<link rel=\"canonical\" href=\"https:\/\/surlesterresdaltyr.com\/\" \/>\n<meta property=\"og:locale\" content=\"fr_FR\" \/>\n<meta property=\"og:type\" content=\"article\" \/>\n<meta property=\"og:title\" content=\"Accueil - Sur les Terres d&#039;Altyr\" \/>\n<meta property=\"og:description\" content=\"\u00a0 Bienvenue sur les Terres d\u2019Altyr Vous vous appr\u00eatez \u00e0 entrer sur un territoire m\u00e9connu et qui paradoxalement ne vous sera pas si \u00e9tranger. Au fil du temps, une toile se tisse entre les contes rapport\u00e9s de ce monde , une histoire unique na\u00eetra sans doute de leur union et la l\u00e9gende d\u2019Altyr pourra enfin prendre corps.\u00a0 Bienvenue \u00e0 vous \u00e9trangers dans cet univers futur et pass\u00e9 o\u00f9 les mythes deviennent des r\u00e9alit\u00e9s !\u00a0 Prenez garde malgr\u00e9 tout, gardez toujours un oeil ouvert, au cas o\u00f9\u2026 si la terre tremble, si la flamme vacille, si l\u2019eau fr\u00e9mit, si le vent tourne\u2026 les faiseurs de r\u00eaves ne sont jamais loin ! \u00a9 \u00c9lisabeth.\" \/>\n<meta property=\"og:url\" content=\"https:\/\/surlesterresdaltyr.com\/\" \/>\n<meta property=\"og:site_name\" content=\"Sur les Terres d&#039;Altyr\" \/>\n<meta property=\"article:publisher\" content=\"https:\/\/www.facebook.com\/surlesterresdaltyr\/\" \/>\n<meta property=\"article:modified_time\" content=\"2025-02-12T21:31:35+00:00\" \/>\n<meta property=\"og:image\" content=\"https:\/\/surlesterresdaltyr.com\/wp-content\/uploads\/2025\/02\/cropped-Altyr-Yggdrasil.jpg\" \/>\n\t<meta property=\"og:image:width\" content=\"512\" \/>\n\t<meta property=\"og:image:height\" content=\"512\" \/>\n\t<meta property=\"og:image:type\" content=\"image\/jpeg\" \/>\n<meta name=\"twitter:card\" content=\"summary_large_image\" \/>\n<meta name=\"twitter:label1\" content=\"Dur\u00e9e de lecture estim\u00e9e\" \/>\n\t<meta name=\"twitter:data1\" content=\"1 minute\" \/>\n<script type=\"application\/ld+json\" class=\"yoast-schema-graph\">{\"@context\":\"https:\\\/\\\/schema.org\",\"@graph\":[{\"@type\":\"WebPage\",\"@id\":\"https:\\\/\\\/surlesterresdaltyr.com\\\/\",\"url\":\"https:\\\/\\\/surlesterresdaltyr.com\\\/\",\"name\":\"Accueil - Sur les Terres d&#039;Altyr\",\"isPartOf\":{\"@id\":\"https:\\\/\\\/surlesterresdaltyr.com\\\/#website\"},\"datePublished\":\"2025-01-11T16:22:33+00:00\",\"dateModified\":\"2025-02-12T21:31:35+00:00\",\"breadcrumb\":{\"@id\":\"https:\\\/\\\/surlesterresdaltyr.com\\\/#breadcrumb\"},\"inLanguage\":\"fr-FR\",\"potentialAction\":[{\"@type\":\"ReadAction\",\"target\":[\"https:\\\/\\\/surlesterresdaltyr.com\\\/\"]}]},{\"@type\":\"BreadcrumbList\",\"@id\":\"https:\\\/\\\/surlesterresdaltyr.com\\\/#breadcrumb\",\"itemListElement\":[{\"@type\":\"ListItem\",\"position\":1,\"name\":\"Accueil\",\"item\":\"https:\\\/\\\/surlesterresdaltyr.com\\\/\"},{\"@type\":\"ListItem\",\"position\":2,\"name\":\"Accueil\"}]},{\"@type\":\"WebSite\",\"@id\":\"https:\\\/\\\/surlesterresdaltyr.com\\\/#website\",\"url\":\"https:\\\/\\\/surlesterresdaltyr.com\\\/\",\"name\":\"Sur les Terres d'Altyr\",\"description\":\"Contes et L\u00e9gendes Oubli\u00e9es\",\"publisher\":{\"@id\":\"https:\\\/\\\/surlesterresdaltyr.com\\\/#organization\"},\"potentialAction\":[{\"@type\":\"SearchAction\",\"target\":{\"@type\":\"EntryPoint\",\"urlTemplate\":\"https:\\\/\\\/surlesterresdaltyr.com\\\/?s={search_term_string}\"},\"query-input\":{\"@type\":\"PropertyValueSpecification\",\"valueRequired\":true,\"valueName\":\"search_term_string\"}}],\"inLanguage\":\"fr-FR\"},{\"@type\":\"Organization\",\"@id\":\"https:\\\/\\\/surlesterresdaltyr.com\\\/#organization\",\"name\":\"Sur les Terres d'Altyr\",\"url\":\"https:\\\/\\\/surlesterresdaltyr.com\\\/\",\"logo\":{\"@type\":\"ImageObject\",\"inLanguage\":\"fr-FR\",\"@id\":\"https:\\\/\\\/surlesterresdaltyr.com\\\/#\\\/schema\\\/logo\\\/image\\\/\",\"url\":\"https:\\\/\\\/surlesterresdaltyr.com\\\/wp-content\\\/uploads\\\/2025\\\/02\\\/cropped-Altyr-Yggdrasil.jpg\",\"contentUrl\":\"https:\\\/\\\/surlesterresdaltyr.com\\\/wp-content\\\/uploads\\\/2025\\\/02\\\/cropped-Altyr-Yggdrasil.jpg\",\"width\":512,\"height\":512,\"caption\":\"Sur les Terres d'Altyr\"},\"image\":{\"@id\":\"https:\\\/\\\/surlesterresdaltyr.com\\\/#\\\/schema\\\/logo\\\/image\\\/\"},\"sameAs\":[\"https:\\\/\\\/www.facebook.com\\\/surlesterresdaltyr\\\/\",\"https:\\\/\\\/www.instagram.com\\\/surlesterresdaltyr\\\/\"]}]}<\/script>\n<!-- \/ Yoast SEO plugin. -->","yoast_head_json":{"title":"Accueil - Sur les Terres d&#039;Altyr","robots":{"index":"index","follow":"follow","max-snippet":"max-snippet:-1","max-image-preview":"max-image-preview:large","max-video-preview":"max-video-preview:-1"},"canonical":"https:\/\/surlesterresdaltyr.com\/","og_locale":"fr_FR","og_type":"article","og_title":"Accueil - Sur les Terres d&#039;Altyr","og_description":"\u00a0 Bienvenue sur les Terres d\u2019Altyr Vous vous appr\u00eatez \u00e0 entrer sur un territoire m\u00e9connu et qui paradoxalement ne vous sera pas si \u00e9tranger. Au fil du temps, une toile se tisse entre les contes rapport\u00e9s de ce monde , une histoire unique na\u00eetra sans doute de leur union et la l\u00e9gende d\u2019Altyr pourra enfin prendre corps.\u00a0 Bienvenue \u00e0 vous \u00e9trangers dans cet univers futur et pass\u00e9 o\u00f9 les mythes deviennent des r\u00e9alit\u00e9s !\u00a0 Prenez garde malgr\u00e9 tout, gardez toujours un oeil ouvert, au cas o\u00f9\u2026 si la terre tremble, si la flamme vacille, si l\u2019eau fr\u00e9mit, si le vent tourne\u2026 les faiseurs de r\u00eaves ne sont jamais loin ! \u00a9 \u00c9lisabeth.","og_url":"https:\/\/surlesterresdaltyr.com\/","og_site_name":"Sur les Terres d&#039;Altyr","article_publisher":"https:\/\/www.facebook.com\/surlesterresdaltyr\/","article_modified_time":"2025-02-12T21:31:35+00:00","og_image":[{"width":512,"height":512,"url":"https:\/\/surlesterresdaltyr.com\/wp-content\/uploads\/2025\/02\/cropped-Altyr-Yggdrasil.jpg","type":"image\/jpeg"}],"twitter_card":"summary_large_image","twitter_misc":{"Dur\u00e9e de lecture estim\u00e9e":"1 minute"},"schema":{"@context":"https:\/\/schema.org","@graph":[{"@type":"WebPage","@id":"https:\/\/surlesterresdaltyr.com\/","url":"https:\/\/surlesterresdaltyr.com\/","name":"Accueil - Sur les Terres d&#039;Altyr","isPartOf":{"@id":"https:\/\/surlesterresdaltyr.com\/#website"},"datePublished":"2025-01-11T16:22:33+00:00","dateModified":"2025-02-12T21:31:35+00:00","breadcrumb":{"@id":"https:\/\/surlesterresdaltyr.com\/#breadcrumb"},"inLanguage":"fr-FR","potentialAction":[{"@type":"ReadAction","target":["https:\/\/surlesterresdaltyr.com\/"]}]},{"@type":"BreadcrumbList","@id":"https:\/\/surlesterresdaltyr.com\/#breadcrumb","itemListElement":[{"@type":"ListItem","position":1,"name":"Accueil","item":"https:\/\/surlesterresdaltyr.com\/"},{"@type":"ListItem","position":2,"name":"Accueil"}]},{"@type":"WebSite","@id":"https:\/\/surlesterresdaltyr.com\/#website","url":"https:\/\/surlesterresdaltyr.com\/","name":"Sur les Terres d'Altyr","description":"Contes et L\u00e9gendes Oubli\u00e9es","publisher":{"@id":"https:\/\/surlesterresdaltyr.com\/#organization"},"potentialAction":[{"@type":"SearchAction","target":{"@type":"EntryPoint","urlTemplate":"https:\/\/surlesterresdaltyr.com\/?s={search_term_string}"},"query-input":{"@type":"PropertyValueSpecification","valueRequired":true,"valueName":"search_term_string"}}],"inLanguage":"fr-FR"},{"@type":"Organization","@id":"https:\/\/surlesterresdaltyr.com\/#organization","name":"Sur les Terres d'Altyr","url":"https:\/\/surlesterresdaltyr.com\/","logo":{"@type":"ImageObject","inLanguage":"fr-FR","@id":"https:\/\/surlesterresdaltyr.com\/#\/schema\/logo\/image\/","url":"https:\/\/surlesterresdaltyr.com\/wp-content\/uploads\/2025\/02\/cropped-Altyr-Yggdrasil.jpg","contentUrl":"https:\/\/surlesterresdaltyr.com\/wp-content\/uploads\/2025\/02\/cropped-Altyr-Yggdrasil.jpg","width":512,"height":512,"caption":"Sur les Terres d'Altyr"},"image":{"@id":"https:\/\/surlesterresdaltyr.com\/#\/schema\/logo\/image\/"},"sameAs":["https:\/\/www.facebook.com\/surlesterresdaltyr\/","https:\/\/www.instagram.com\/surlesterresdaltyr\/"]}]}},"uagb_featured_image_src":{"full":false,"thumbnail":false,"medium":false,"medium_large":false,"large":false,"1536x1536":false,"2048x2048":false,"post-thumbnail":false,"minimalistblogger-grid":false,"minimalistblogger-slider":false,"minimalistblogger-small":false,"mailpoet_newsletter_max":false},"uagb_author_info":{"display_name":"Elisabeth \u00dcbner","author_link":"https:\/\/surlesterresdaltyr.com\/index.php\/author\/admin9336\/"},"uagb_comment_info":0,"uagb_excerpt":"\u00a0 Bienvenue sur les Terres d\u2019Altyr Vous vous appr\u00eatez \u00e0 entrer sur un territoire m\u00e9connu et qui paradoxalement ne vous sera pas si \u00e9tranger. Au fil du temps, une toile se tisse entre les contes rapport\u00e9s de ce monde , une histoire unique na\u00eetra sans doute de leur union et la l\u00e9gende d\u2019Altyr pourra enfin\u2026","_links":{"self":[{"href":"https:\/\/surlesterresdaltyr.com\/index.php\/wp-json\/wp\/v2\/pages\/2","targetHints":{"allow":["GET"]}}],"collection":[{"href":"https:\/\/surlesterresdaltyr.com\/index.php\/wp-json\/wp\/v2\/pages"}],"about":[{"href":"https:\/\/surlesterresdaltyr.com\/index.php\/wp-json\/wp\/v2\/types\/page"}],"author":[{"embeddable":true,"href":"https:\/\/surlesterresdaltyr.com\/index.php\/wp-json\/wp\/v2\/users\/1"}],"replies":[{"embeddable":true,"href":"https:\/\/surlesterresdaltyr.com\/index.php\/wp-json\/wp\/v2\/comments?post=2"}],"version-history":[{"count":44,"href":"https:\/\/surlesterresdaltyr.com\/index.php\/wp-json\/wp\/v2\/pages\/2\/revisions"}],"predecessor-version":[{"id":1459,"href":"https:\/\/surlesterresdaltyr.com\/index.php\/wp-json\/wp\/v2\/pages\/2\/revisions\/1459"}],"wp:attachment":[{"href":"https:\/\/surlesterresdaltyr.com\/index.php\/wp-json\/wp\/v2\/media?parent=2"}],"curies":[{"name":"wp","href":"https:\/\/api.w.org\/{rel}","templated":true}]}}