{"id":2528,"date":"2026-03-17T09:22:06","date_gmt":"2026-03-17T08:22:06","guid":{"rendered":"https:\/\/surlesterresdaltyr.com\/?page_id=2528"},"modified":"2026-03-17T10:39:13","modified_gmt":"2026-03-17T09:39:13","slug":"bonus-exclusifs-lheritage-de-lazur","status":"publish","type":"page","link":"https:\/\/surlesterresdaltyr.com\/index.php\/bonus-exclusifs-lheritage-de-lazur\/","title":{"rendered":"Bonus Exclusifs &#8211; L&rsquo;H\u00e9ritage de l&rsquo;Azur"},"content":{"rendered":"\t\t<div data-elementor-type=\"wp-page\" data-elementor-id=\"2528\" class=\"elementor elementor-2528\">\n\t\t\t\t<div class=\"elementor-element elementor-element-fafeaf1 e-flex e-con-boxed wpr-particle-no wpr-jarallax-no wpr-parallax-no wpr-sticky-section-no wpr-column-slider-no wpr-equal-height-no e-con e-parent\" data-id=\"fafeaf1\" data-element_type=\"container\" data-e-type=\"container\" data-settings=\"{&quot;background_background&quot;:&quot;classic&quot;}\">\n\t\t\t\t\t<div class=\"e-con-inner\">\n\t\t\t\t<div class=\"elementor-element elementor-element-56b3f35 elementor-widget elementor-widget-image\" data-id=\"56b3f35\" data-element_type=\"widget\" data-e-type=\"widget\" data-widget_type=\"image.default\">\n\t\t\t\t<div class=\"elementor-widget-container\">\n\t\t\t\t\t\t\t\t\t\t\t\t\t\t\t<img fetchpriority=\"high\" decoding=\"async\" width=\"200\" height=\"300\" src=\"https:\/\/surlesterresdaltyr.com\/wp-content\/uploads\/2026\/03\/Couverture-HA-N\u00b05-Test-1-200x300.jpg\" class=\"attachment-medium size-medium wp-image-2534\" alt=\"\" srcset=\"https:\/\/surlesterresdaltyr.com\/wp-content\/uploads\/2026\/03\/Couverture-HA-N\u00b05-Test-1-200x300.jpg 200w, https:\/\/surlesterresdaltyr.com\/wp-content\/uploads\/2026\/03\/Couverture-HA-N\u00b05-Test-1-683x1024.jpg 683w, https:\/\/surlesterresdaltyr.com\/wp-content\/uploads\/2026\/03\/Couverture-HA-N\u00b05-Test-1-768x1152.jpg 768w, https:\/\/surlesterresdaltyr.com\/wp-content\/uploads\/2026\/03\/Couverture-HA-N\u00b05-Test-1-1024x1536.jpg 1024w, https:\/\/surlesterresdaltyr.com\/wp-content\/uploads\/2026\/03\/Couverture-HA-N\u00b05-Test-1-1365x2048.jpg 1365w, https:\/\/surlesterresdaltyr.com\/wp-content\/uploads\/2026\/03\/Couverture-HA-N\u00b05-Test-1-300x450.jpg 300w, https:\/\/surlesterresdaltyr.com\/wp-content\/uploads\/2026\/03\/Couverture-HA-N\u00b05-Test-1-850x1275.jpg 850w, https:\/\/surlesterresdaltyr.com\/wp-content\/uploads\/2026\/03\/Couverture-HA-N\u00b05-Test-1-1320x1980.jpg 1320w, https:\/\/surlesterresdaltyr.com\/wp-content\/uploads\/2026\/03\/Couverture-HA-N\u00b05-Test-1-scaled.jpg 1707w\" sizes=\"(max-width: 200px) 100vw, 200px\" \/>\t\t\t\t\t\t\t\t\t\t\t\t\t\t\t<\/div>\n\t\t\t\t<\/div>\n\t\t\t\t<div class=\"elementor-element elementor-element-e5cb996 elementor-widget elementor-widget-heading\" data-id=\"e5cb996\" data-element_type=\"widget\" data-e-type=\"widget\" data-widget_type=\"heading.default\">\n\t\t\t\t<div class=\"elementor-widget-container\">\n\t\t\t\t\t<h2 class=\"elementor-heading-title elementor-size-default\">Plonge plus loin dans l'univers de L'H\u00e9ritage de l'Azur<\/h2>\t\t\t\t<\/div>\n\t\t\t\t<\/div>\n\t\t\t\t<div class=\"elementor-element elementor-element-2ba99c9 elementor-widget elementor-widget-text-editor\" data-id=\"2ba99c9\" data-element_type=\"widget\" data-e-type=\"widget\" data-widget_type=\"text-editor.default\">\n\t\t\t\t<div class=\"elementor-widget-container\">\n\t\t\t\t\t\t\t\t\t<p style=\"text-align: center;\"><span style=\"color: #ffffff;\"><strong>Inscris-toi gratuitement et re\u00e7ois :\u00a0<\/strong><\/span><\/p><p>\u00a0<\/p><p class=\"my-2 [&amp;+p]:mt-4 [&amp;_strong:has(+br)]:inline-block [&amp;_strong:has(+br)]:pb-2\"><span style=\"color: #ffffff;\">\ud83c\udfac Des vid\u00e9os bonus exclusives sur la cr\u00e9ation du roman<\/span><\/p><p class=\"my-2 [&amp;+p]:mt-4 [&amp;_strong:has(+br)]:inline-block [&amp;_strong:has(+br)]:pb-2\"><span style=\"color: #ffffff;\">\ud83d\udcd6 Une sc\u00e8ne in\u00e9dite jamais publi\u00e9e<\/span><\/p><p class=\"my-2 [&amp;+p]:mt-4 [&amp;_strong:has(+br)]:inline-block [&amp;_strong:has(+br)]:pb-2\"><span style=\"color: #ffffff;\">\u2709\ufe0f Livr\u00e9 directement dans ta bo\u00eete mail<\/span><\/p>\t\t\t\t\t\t\t\t<\/div>\n\t\t\t\t<\/div>\n\t\t\t\t<div class=\"elementor-element elementor-element-7a0adb0 elementor-widget elementor-widget-shortcode\" data-id=\"7a0adb0\" data-element_type=\"widget\" data-e-type=\"widget\" data-widget_type=\"shortcode.default\">\n\t\t\t\t<div class=\"elementor-widget-container\">\n\t\t\t\t\t\t\t<div class=\"elementor-shortcode\">  \n  \n  <div class=\"\n    mailpoet_form_popup_overlay\n      \"><\/div>\n  <div\n    id=\"mailpoet_form_1\"\n    class=\"\n      mailpoet_form\n      mailpoet_form_shortcode\n      mailpoet_form_position_\n      mailpoet_form_animation_\n    \"\n      >\n\n    <style type=\"text\/css\">\n     #mailpoet_form_1 .mailpoet_form {  }\n#mailpoet_form_1 .mailpoet_column_with_background { padding: 10px; }\n#mailpoet_form_1 .mailpoet_form_column:not(:first-child) { margin-left: 20px; }\n#mailpoet_form_1 .mailpoet_paragraph { line-height: 20px; margin-bottom: 20px; }\n#mailpoet_form_1 .mailpoet_segment_label, #mailpoet_form_1 .mailpoet_text_label, #mailpoet_form_1 .mailpoet_textarea_label, #mailpoet_form_1 .mailpoet_select_label, #mailpoet_form_1 .mailpoet_radio_label, #mailpoet_form_1 .mailpoet_checkbox_label, #mailpoet_form_1 .mailpoet_list_label, #mailpoet_form_1 .mailpoet_date_label { display: block; font-weight: normal; }\n#mailpoet_form_1 .mailpoet_text, #mailpoet_form_1 .mailpoet_textarea, #mailpoet_form_1 .mailpoet_select, #mailpoet_form_1 .mailpoet_date_month, #mailpoet_form_1 .mailpoet_date_day, #mailpoet_form_1 .mailpoet_date_year, #mailpoet_form_1 .mailpoet_date { display: block; }\n#mailpoet_form_1 .mailpoet_text, #mailpoet_form_1 .mailpoet_textarea { width: 200px; }\n#mailpoet_form_1 .mailpoet_checkbox {  }\n#mailpoet_form_1 .mailpoet_submit {  }\n#mailpoet_form_1 .mailpoet_divider {  }\n#mailpoet_form_1 .mailpoet_message {  }\n#mailpoet_form_1 .mailpoet_form_loading { width: 30px; text-align: center; line-height: normal; }\n#mailpoet_form_1 .mailpoet_form_loading > span { width: 5px; height: 5px; background-color: #5b5b5b; }#mailpoet_form_1{border-radius: 0px;color: #ffffff;text-align: left;}#mailpoet_form_1 form.mailpoet_form {padding: 20px;}#mailpoet_form_1{width: 100%;}#mailpoet_form_1 .mailpoet_message {margin: 0; padding: 0 20px;}#mailpoet_form_1 .mailpoet_paragraph.last {margin-bottom: 0} @media (max-width: 500px) {#mailpoet_form_1 {background-image: none;}} @media (min-width: 500px) {#mailpoet_form_1 .last .mailpoet_paragraph:last-child {margin-bottom: 0}}  @media (max-width: 500px) {#mailpoet_form_1 .mailpoet_form_column:last-child .mailpoet_paragraph:last-child {margin-bottom: 0}} \n    <\/style>\n\n    <form\n      target=\"_self\"\n      method=\"post\"\n      action=\"https:\/\/surlesterresdaltyr.com\/wp-admin\/admin-post.php?action=mailpoet_subscription_form\"\n      class=\"mailpoet_form mailpoet_form_form mailpoet_form_shortcode\"\n      novalidate\n      data-delay=\"\"\n      data-exit-intent-enabled=\"\"\n      data-font-family=\"\"\n      data-cookie-expiration-time=\"\"\n    >\n      <input type=\"hidden\" name=\"data[form_id]\" value=\"1\" \/>\n      <input type=\"hidden\" name=\"token\" value=\"6033f4b087\" \/>\n      <input type=\"hidden\" name=\"api_version\" value=\"v1\" \/>\n      <input type=\"hidden\" name=\"endpoint\" value=\"subscribers\" \/>\n      <input type=\"hidden\" name=\"mailpoet_method\" value=\"subscribe\" \/>\n\n      <label class=\"mailpoet_hp_email_label\" style=\"display: none !important;\">Veuillez laisser ce champ vide<input type=\"email\" name=\"data[email]\"\/><\/label><div class=\"mailpoet_paragraph \"><input type=\"text\" autocomplete=\"given-name\" class=\"mailpoet_text\" id=\"form_first_name_1\" name=\"data[form_field_Y2IyZjZmZWM5OTYzX2ZpcnN0X25hbWU=]\" title=\"Pr\u00e9nom\" value=\"\" style=\"width:100%;box-sizing:border-box;background-color:#ffffff;border-style:solid;border-radius:5px !important;border-width:1px;border-color:#313131;padding:5px;margin: 0 auto 0 0;font-size:20px;line-height:1.5;height:auto;\" data-automation-id=\"form_first_name\"  placeholder=\"Pr\u00e9nom\" aria-label=\"Pr\u00e9nom\" data-parsley-errors-container=\".mailpoet_error_fyxs2\" data-parsley-names='[&quot;Veuillez sp\u00e9cifier un nom valide.&quot;,&quot;Les adresses dans les noms ne sont pas autoris\u00e9es, veuillez ajouter votre nom \u00e0 la place.&quot;]'\/><span class=\"mailpoet_error_fyxs2\"><\/span><\/div>\n<div class=\"mailpoet_paragraph \"><input type=\"email\" autocomplete=\"email\" class=\"mailpoet_text\" id=\"form_email_1\" name=\"data[form_field_YjE5Y2NkOGU2OTNjX2VtYWls]\" title=\"Adresse e-mail\" value=\"\" style=\"width:100%;box-sizing:border-box;background-color:#ffffff;border-style:solid;border-radius:5px !important;border-width:1px;border-color:#313131;padding:5px;margin: 0 auto 0 0;font-size:20px;line-height:1.5;height:auto;\" data-automation-id=\"form_email\"  placeholder=\"Adresse e-mail *\" aria-label=\"Adresse e-mail *\" data-parsley-errors-container=\".mailpoet_error_7vg0f\" data-parsley-required=\"true\" required aria-required=\"true\" data-parsley-minlength=\"6\" data-parsley-maxlength=\"150\" data-parsley-type-message=\"Cette valeur doit \u00eatre un e-mail valide.\" data-parsley-required-message=\"Ce champ est n\u00e9cessaire.\"\/><span class=\"mailpoet_error_7vg0f\"><\/span><\/div>\n<div class=\"mailpoet_paragraph \"><input type=\"submit\" class=\"mailpoet_submit\" value=\"Je veux mes bonus exclusifs !\" data-automation-id=\"subscribe-submit-button\" style=\"width:100%;box-sizing:border-box;background-color:#1a3a5c;border-style:solid;border-radius:5px !important;border-width:1px;border-color:#313131;padding:5px;margin: 0 auto 0 0;font-size:20px;line-height:1.5;height:auto;color:#ffffff;\" \/><span class=\"mailpoet_form_loading\"><span class=\"mailpoet_bounce1\"><\/span><span class=\"mailpoet_bounce2\"><\/span><span class=\"mailpoet_bounce3\"><\/span><\/span><\/div>\n\n      <div class=\"mailpoet_message\">\n        <p class=\"mailpoet_validate_success\"\n                style=\"display:none;\"\n                >V\u00e9rifiez votre boite de r\u00e9ception ou votre r\u00e9pertoire d\u2019ind\u00e9sirables pour confirmer votre abonnement.\n        <\/p>\n        <p class=\"mailpoet_validate_error\"\n                style=\"display:none;\"\n                >        <\/p>\n      <\/div>\n    <\/form>\n\n      <\/div>\n\n  <\/div>\n\t\t\t\t\t\t<\/div>\n\t\t\t\t<\/div>\n\t\t\t\t<div class=\"elementor-element elementor-element-b284834 elementor-widget elementor-widget-text-editor\" data-id=\"b284834\" data-element_type=\"widget\" data-e-type=\"widget\" data-widget_type=\"text-editor.default\">\n\t\t\t\t<div class=\"elementor-widget-container\">\n\t\t\t\t\t\t\t\t\t<p><strong>\ud83d\udd12<span style=\"color: #ffffff;\"> Pas de spam. Tes donn\u00e9es restent confidentielles. D\u00e9sabonnement en un clic<\/span><\/strong><\/p>\t\t\t\t\t\t\t\t<\/div>\n\t\t\t\t<\/div>\n\t\t\t\t\t<\/div>\n\t\t\t\t<\/div>\n\t\t\t\t<\/div>\n\t\t","protected":false},"excerpt":{"rendered":"<p>Plonge plus loin dans l&rsquo;univers de L&rsquo;H\u00e9ritage de l&rsquo;Azur Inscris-toi gratuitement et re\u00e7ois :\u00a0 \u00a0 \ud83c\udfac Des vid\u00e9os bonus exclusives sur la cr\u00e9ation du roman \ud83d\udcd6 Une sc\u00e8ne in\u00e9dite jamais publi\u00e9e \u2709\ufe0f Livr\u00e9 directement dans ta bo\u00eete mail \ud83d\udd12 Pas de spam. Tes donn\u00e9es restent confidentielles. D\u00e9sabonnement en un clic<\/p>\n","protected":false},"author":1,"featured_media":0,"parent":0,"menu_order":0,"comment_status":"closed","ping_status":"closed","template":"elementor_canvas","meta":{"_uag_custom_page_level_css":"","footnotes":""},"class_list":["post-2528","page","type-page","status-publish","hentry"],"yoast_head":"<!-- This site is optimized with the Yoast SEO plugin v27.5 - https:\/\/yoast.com\/product\/yoast-seo-wordpress\/ -->\n<title>Bonus Exclusifs - L&#039;H\u00e9ritage de l&#039;Azur - Sur les Terres d&#039;Altyr<\/title>\n<meta name=\"robots\" content=\"index, follow, max-snippet:-1, max-image-preview:large, max-video-preview:-1\" \/>\n<link rel=\"canonical\" href=\"https:\/\/surlesterresdaltyr.com\/index.php\/bonus-exclusifs-lheritage-de-lazur\/\" \/>\n<meta property=\"og:locale\" content=\"fr_FR\" \/>\n<meta property=\"og:type\" content=\"article\" \/>\n<meta property=\"og:title\" content=\"Bonus Exclusifs - L&#039;H\u00e9ritage de l&#039;Azur - Sur les Terres d&#039;Altyr\" \/>\n<meta property=\"og:description\" content=\"Plonge plus loin dans l&rsquo;univers de L&rsquo;H\u00e9ritage de l&rsquo;Azur Inscris-toi gratuitement et re\u00e7ois :\u00a0 \u00a0 \ud83c\udfac Des vid\u00e9os bonus exclusives sur la cr\u00e9ation du roman \ud83d\udcd6 Une sc\u00e8ne in\u00e9dite jamais publi\u00e9e \u2709\ufe0f Livr\u00e9 directement dans ta bo\u00eete mail \ud83d\udd12 Pas de spam. Tes donn\u00e9es restent confidentielles. D\u00e9sabonnement en un clic\" \/>\n<meta property=\"og:url\" content=\"https:\/\/surlesterresdaltyr.com\/index.php\/bonus-exclusifs-lheritage-de-lazur\/\" \/>\n<meta property=\"og:site_name\" content=\"Sur les Terres d&#039;Altyr\" \/>\n<meta property=\"article:publisher\" content=\"https:\/\/www.facebook.com\/surlesterresdaltyr\/\" \/>\n<meta property=\"article:modified_time\" content=\"2026-03-17T09:39:13+00:00\" \/>\n<meta property=\"og:image\" content=\"https:\/\/surlesterresdaltyr.com\/wp-content\/uploads\/2025\/02\/cropped-Altyr-Yggdrasil.jpg\" \/>\n\t<meta property=\"og:image:width\" content=\"512\" \/>\n\t<meta property=\"og:image:height\" content=\"512\" \/>\n\t<meta property=\"og:image:type\" content=\"image\/jpeg\" \/>\n<meta name=\"twitter:card\" content=\"summary_large_image\" \/>\n<meta name=\"twitter:label1\" content=\"Dur\u00e9e de lecture estim\u00e9e\" \/>\n\t<meta name=\"twitter:data1\" content=\"2 minutes\" \/>\n<script type=\"application\/ld+json\" class=\"yoast-schema-graph\">{\"@context\":\"https:\\\/\\\/schema.org\",\"@graph\":[{\"@type\":\"WebPage\",\"@id\":\"https:\\\/\\\/surlesterresdaltyr.com\\\/index.php\\\/bonus-exclusifs-lheritage-de-lazur\\\/\",\"url\":\"https:\\\/\\\/surlesterresdaltyr.com\\\/index.php\\\/bonus-exclusifs-lheritage-de-lazur\\\/\",\"name\":\"Bonus Exclusifs - L'H\u00e9ritage de l'Azur - Sur les Terres d&#039;Altyr\",\"isPartOf\":{\"@id\":\"https:\\\/\\\/surlesterresdaltyr.com\\\/#website\"},\"datePublished\":\"2026-03-17T08:22:06+00:00\",\"dateModified\":\"2026-03-17T09:39:13+00:00\",\"breadcrumb\":{\"@id\":\"https:\\\/\\\/surlesterresdaltyr.com\\\/index.php\\\/bonus-exclusifs-lheritage-de-lazur\\\/#breadcrumb\"},\"inLanguage\":\"fr-FR\",\"potentialAction\":[{\"@type\":\"ReadAction\",\"target\":[\"https:\\\/\\\/surlesterresdaltyr.com\\\/index.php\\\/bonus-exclusifs-lheritage-de-lazur\\\/\"]}]},{\"@type\":\"BreadcrumbList\",\"@id\":\"https:\\\/\\\/surlesterresdaltyr.com\\\/index.php\\\/bonus-exclusifs-lheritage-de-lazur\\\/#breadcrumb\",\"itemListElement\":[{\"@type\":\"ListItem\",\"position\":1,\"name\":\"Accueil\",\"item\":\"https:\\\/\\\/surlesterresdaltyr.com\\\/\"},{\"@type\":\"ListItem\",\"position\":2,\"name\":\"Bonus Exclusifs &#8211; L&rsquo;H\u00e9ritage de l&rsquo;Azur\"}]},{\"@type\":\"WebSite\",\"@id\":\"https:\\\/\\\/surlesterresdaltyr.com\\\/#website\",\"url\":\"https:\\\/\\\/surlesterresdaltyr.com\\\/\",\"name\":\"Sur les Terres d'Altyr\",\"description\":\"Contes et L\u00e9gendes Oubli\u00e9es\",\"publisher\":{\"@id\":\"https:\\\/\\\/surlesterresdaltyr.com\\\/#organization\"},\"potentialAction\":[{\"@type\":\"SearchAction\",\"target\":{\"@type\":\"EntryPoint\",\"urlTemplate\":\"https:\\\/\\\/surlesterresdaltyr.com\\\/?s={search_term_string}\"},\"query-input\":{\"@type\":\"PropertyValueSpecification\",\"valueRequired\":true,\"valueName\":\"search_term_string\"}}],\"inLanguage\":\"fr-FR\"},{\"@type\":\"Organization\",\"@id\":\"https:\\\/\\\/surlesterresdaltyr.com\\\/#organization\",\"name\":\"Sur les Terres d'Altyr\",\"url\":\"https:\\\/\\\/surlesterresdaltyr.com\\\/\",\"logo\":{\"@type\":\"ImageObject\",\"inLanguage\":\"fr-FR\",\"@id\":\"https:\\\/\\\/surlesterresdaltyr.com\\\/#\\\/schema\\\/logo\\\/image\\\/\",\"url\":\"https:\\\/\\\/surlesterresdaltyr.com\\\/wp-content\\\/uploads\\\/2025\\\/02\\\/cropped-Altyr-Yggdrasil.jpg\",\"contentUrl\":\"https:\\\/\\\/surlesterresdaltyr.com\\\/wp-content\\\/uploads\\\/2025\\\/02\\\/cropped-Altyr-Yggdrasil.jpg\",\"width\":512,\"height\":512,\"caption\":\"Sur les Terres d'Altyr\"},\"image\":{\"@id\":\"https:\\\/\\\/surlesterresdaltyr.com\\\/#\\\/schema\\\/logo\\\/image\\\/\"},\"sameAs\":[\"https:\\\/\\\/www.facebook.com\\\/surlesterresdaltyr\\\/\",\"https:\\\/\\\/www.instagram.com\\\/surlesterresdaltyr\\\/\"]}]}<\/script>\n<!-- \/ Yoast SEO plugin. -->","yoast_head_json":{"title":"Bonus Exclusifs - L'H\u00e9ritage de l'Azur - Sur les Terres d&#039;Altyr","robots":{"index":"index","follow":"follow","max-snippet":"max-snippet:-1","max-image-preview":"max-image-preview:large","max-video-preview":"max-video-preview:-1"},"canonical":"https:\/\/surlesterresdaltyr.com\/index.php\/bonus-exclusifs-lheritage-de-lazur\/","og_locale":"fr_FR","og_type":"article","og_title":"Bonus Exclusifs - L'H\u00e9ritage de l'Azur - Sur les Terres d&#039;Altyr","og_description":"Plonge plus loin dans l&rsquo;univers de L&rsquo;H\u00e9ritage de l&rsquo;Azur Inscris-toi gratuitement et re\u00e7ois :\u00a0 \u00a0 \ud83c\udfac Des vid\u00e9os bonus exclusives sur la cr\u00e9ation du roman \ud83d\udcd6 Une sc\u00e8ne in\u00e9dite jamais publi\u00e9e \u2709\ufe0f Livr\u00e9 directement dans ta bo\u00eete mail \ud83d\udd12 Pas de spam. Tes donn\u00e9es restent confidentielles. D\u00e9sabonnement en un clic","og_url":"https:\/\/surlesterresdaltyr.com\/index.php\/bonus-exclusifs-lheritage-de-lazur\/","og_site_name":"Sur les Terres d&#039;Altyr","article_publisher":"https:\/\/www.facebook.com\/surlesterresdaltyr\/","article_modified_time":"2026-03-17T09:39:13+00:00","og_image":[{"width":512,"height":512,"url":"https:\/\/surlesterresdaltyr.com\/wp-content\/uploads\/2025\/02\/cropped-Altyr-Yggdrasil.jpg","type":"image\/jpeg"}],"twitter_card":"summary_large_image","twitter_misc":{"Dur\u00e9e de lecture estim\u00e9e":"2 minutes"},"schema":{"@context":"https:\/\/schema.org","@graph":[{"@type":"WebPage","@id":"https:\/\/surlesterresdaltyr.com\/index.php\/bonus-exclusifs-lheritage-de-lazur\/","url":"https:\/\/surlesterresdaltyr.com\/index.php\/bonus-exclusifs-lheritage-de-lazur\/","name":"Bonus Exclusifs - L'H\u00e9ritage de l'Azur - Sur les Terres d&#039;Altyr","isPartOf":{"@id":"https:\/\/surlesterresdaltyr.com\/#website"},"datePublished":"2026-03-17T08:22:06+00:00","dateModified":"2026-03-17T09:39:13+00:00","breadcrumb":{"@id":"https:\/\/surlesterresdaltyr.com\/index.php\/bonus-exclusifs-lheritage-de-lazur\/#breadcrumb"},"inLanguage":"fr-FR","potentialAction":[{"@type":"ReadAction","target":["https:\/\/surlesterresdaltyr.com\/index.php\/bonus-exclusifs-lheritage-de-lazur\/"]}]},{"@type":"BreadcrumbList","@id":"https:\/\/surlesterresdaltyr.com\/index.php\/bonus-exclusifs-lheritage-de-lazur\/#breadcrumb","itemListElement":[{"@type":"ListItem","position":1,"name":"Accueil","item":"https:\/\/surlesterresdaltyr.com\/"},{"@type":"ListItem","position":2,"name":"Bonus Exclusifs &#8211; L&rsquo;H\u00e9ritage de l&rsquo;Azur"}]},{"@type":"WebSite","@id":"https:\/\/surlesterresdaltyr.com\/#website","url":"https:\/\/surlesterresdaltyr.com\/","name":"Sur les Terres d'Altyr","description":"Contes et L\u00e9gendes Oubli\u00e9es","publisher":{"@id":"https:\/\/surlesterresdaltyr.com\/#organization"},"potentialAction":[{"@type":"SearchAction","target":{"@type":"EntryPoint","urlTemplate":"https:\/\/surlesterresdaltyr.com\/?s={search_term_string}"},"query-input":{"@type":"PropertyValueSpecification","valueRequired":true,"valueName":"search_term_string"}}],"inLanguage":"fr-FR"},{"@type":"Organization","@id":"https:\/\/surlesterresdaltyr.com\/#organization","name":"Sur les Terres d'Altyr","url":"https:\/\/surlesterresdaltyr.com\/","logo":{"@type":"ImageObject","inLanguage":"fr-FR","@id":"https:\/\/surlesterresdaltyr.com\/#\/schema\/logo\/image\/","url":"https:\/\/surlesterresdaltyr.com\/wp-content\/uploads\/2025\/02\/cropped-Altyr-Yggdrasil.jpg","contentUrl":"https:\/\/surlesterresdaltyr.com\/wp-content\/uploads\/2025\/02\/cropped-Altyr-Yggdrasil.jpg","width":512,"height":512,"caption":"Sur les Terres d'Altyr"},"image":{"@id":"https:\/\/surlesterresdaltyr.com\/#\/schema\/logo\/image\/"},"sameAs":["https:\/\/www.facebook.com\/surlesterresdaltyr\/","https:\/\/www.instagram.com\/surlesterresdaltyr\/"]}]}},"uagb_featured_image_src":{"full":false,"thumbnail":false,"medium":false,"medium_large":false,"large":false,"1536x1536":false,"2048x2048":false,"post-thumbnail":false,"minimalistblogger-grid":false,"minimalistblogger-slider":false,"minimalistblogger-small":false,"mailpoet_newsletter_max":false},"uagb_author_info":{"display_name":"Elisabeth \u00dcbner","author_link":"https:\/\/surlesterresdaltyr.com\/index.php\/author\/admin9336\/"},"uagb_comment_info":0,"uagb_excerpt":"Plonge plus loin dans l&rsquo;univers de L&rsquo;H\u00e9ritage de l&rsquo;Azur Inscris-toi gratuitement et re\u00e7ois :\u00a0 \u00a0 \ud83c\udfac Des vid\u00e9os bonus exclusives sur la cr\u00e9ation du roman \ud83d\udcd6 Une sc\u00e8ne in\u00e9dite jamais publi\u00e9e \u2709\ufe0f Livr\u00e9 directement dans ta bo\u00eete mail \ud83d\udd12 Pas de spam. Tes donn\u00e9es restent confidentielles. D\u00e9sabonnement en un clic","_links":{"self":[{"href":"https:\/\/surlesterresdaltyr.com\/index.php\/wp-json\/wp\/v2\/pages\/2528","targetHints":{"allow":["GET"]}}],"collection":[{"href":"https:\/\/surlesterresdaltyr.com\/index.php\/wp-json\/wp\/v2\/pages"}],"about":[{"href":"https:\/\/surlesterresdaltyr.com\/index.php\/wp-json\/wp\/v2\/types\/page"}],"author":[{"embeddable":true,"href":"https:\/\/surlesterresdaltyr.com\/index.php\/wp-json\/wp\/v2\/users\/1"}],"replies":[{"embeddable":true,"href":"https:\/\/surlesterresdaltyr.com\/index.php\/wp-json\/wp\/v2\/comments?post=2528"}],"version-history":[{"count":28,"href":"https:\/\/surlesterresdaltyr.com\/index.php\/wp-json\/wp\/v2\/pages\/2528\/revisions"}],"predecessor-version":[{"id":2570,"href":"https:\/\/surlesterresdaltyr.com\/index.php\/wp-json\/wp\/v2\/pages\/2528\/revisions\/2570"}],"wp:attachment":[{"href":"https:\/\/surlesterresdaltyr.com\/index.php\/wp-json\/wp\/v2\/media?parent=2528"}],"curies":[{"name":"wp","href":"https:\/\/api.w.org\/{rel}","templated":true}]}}