{"id":730,"date":"2025-02-10T21:23:09","date_gmt":"2025-02-10T20:23:09","guid":{"rendered":"https:\/\/surlesterresdaltyr.com\/index.php\/plumes-de-sorciere\/le-chaudron-scribouillard-2-2-3-3\/"},"modified":"2025-02-11T20:01:11","modified_gmt":"2025-02-11T19:01:11","slug":"paillardises","status":"publish","type":"page","link":"https:\/\/surlesterresdaltyr.com\/index.php\/paillardises\/","title":{"rendered":"Paillardises"},"content":{"rendered":"\t\t<div data-elementor-type=\"wp-page\" data-elementor-id=\"730\" class=\"elementor elementor-730\">\n\t\t\t\t<div class=\"elementor-element elementor-element-d81daec e-flex e-con-boxed wpr-particle-no wpr-jarallax-no wpr-parallax-no wpr-sticky-section-no wpr-column-slider-no wpr-equal-height-no e-con e-parent\" data-id=\"d81daec\" data-element_type=\"container\" data-e-type=\"container\">\n\t\t\t\t\t<div class=\"e-con-inner\">\n\t\t\t\t<div class=\"elementor-element elementor-element-be998a4 elementor-widget__width-inherit elementor-widget-divider--separator-type-pattern elementor-widget-divider--no-spacing elementor-widget-divider--view-line elementor-widget elementor-widget-divider\" data-id=\"be998a4\" data-element_type=\"widget\" data-e-type=\"widget\" data-widget_type=\"divider.default\">\n\t\t\t\t<div class=\"elementor-widget-container\">\n\t\t\t\t\t\t\t<div class=\"elementor-divider\" style=\"--divider-pattern-url: url(&quot;data:image\/svg+xml,%3Csvg xmlns=&#039;http:\/\/www.w3.org\/2000\/svg&#039; preserveAspectRatio=&#039;xMidYMid meet&#039; overflow=&#039;visible&#039; height=&#039;100%&#039; viewBox=&#039;0 0 117 26&#039; fill=&#039;black&#039; stroke=&#039;none&#039;%3E%3Cpath d=&#039;M3,1.5C5,4.9,6,8.8,6,13s-1.7,8.1-5,11.5C0.3,21.1,0,17.2,0,13S1,4.9,3,1.5z M16,1.5c2,3.4,3,7.3,3,11.5s-1,8.1-3,11.5c-2-4.1-3-8.3-3-12.5S14,4.3,16,1.5z M29,1.5c2,4.8,3,9.3,3,13.5s-1,7.4-3,9.5c-2-3.4-3-7.3-3-11.5S27,4.9,29,1.5z M41.1,1.5C43.7,4.9,45,8.8,45,13s-1,8.1-3,11.5c-2-3.4-3-7.3-3-11.5S39.7,4.9,41.1,1.5zM55,1.5c2,2.8,3,6.3,3,10.5s-1.3,8.4-4,12.5c-1.3-3.4-2-7.3-2-11.5S53,4.9,55,1.5z M68,1.5c2,3.4,3,7.3,3,11.5s-0.7,8.1-2,11.5c-2.7-4.8-4-9.3-4-13.5S66,3.6,68,1.5z M82,1.5c1.3,4.8,2,9.3,2,13.5s-1,7.4-3,9.5c-2-3.4-3-7.3-3-11.5S79.3,4.9,82,1.5z M94,1.5c2,3.4,3,7.3,3,11.5s-1.3,8.1-4,11.5c-1.3-1.4-2-4.3-2-8.5S92,6.9,94,1.5z M107,1.5c2,2.1,3,5.3,3,9.5s-0.7,8.7-2,13.5c-2.7-3.4-4-7.3-4-11.5S105,4.9,107,1.5z&#039;\/%3E%3C\/svg%3E&quot;);\">\n\t\t\t<span class=\"elementor-divider-separator\">\n\t\t\t\t\t\t<\/span>\n\t\t<\/div>\n\t\t\t\t\t\t<\/div>\n\t\t\t\t<\/div>\n\t\t\t\t\t<\/div>\n\t\t\t\t<\/div>\n\t\t<div class=\"elementor-element elementor-element-26704f3 e-flex e-con-boxed wpr-particle-no wpr-jarallax-no wpr-parallax-no wpr-sticky-section-no wpr-column-slider-no wpr-equal-height-no e-con e-parent\" data-id=\"26704f3\" data-element_type=\"container\" data-e-type=\"container\">\n\t\t\t\t\t<div class=\"e-con-inner\">\n\t\t\t\t<div class=\"elementor-element elementor-element-ddb2d8e elementor-align-center elementor-widget elementor-widget-button\" data-id=\"ddb2d8e\" data-element_type=\"widget\" data-e-type=\"widget\" data-widget_type=\"button.default\">\n\t\t\t\t<div class=\"elementor-widget-container\">\n\t\t\t\t\t\t\t\t\t<div class=\"elementor-button-wrapper\">\n\t\t\t\t\t<a class=\"elementor-button elementor-button-link elementor-size-sm\" href=\"https:\/\/surlesterresdaltyr.com\/index.php\/signature\/\">\n\t\t\t\t\t\t<span class=\"elementor-button-content-wrapper\">\n\t\t\t\t\t\t\t\t\t<span class=\"elementor-button-text\">Retour aux Menus Carrousels<\/span>\n\t\t\t\t\t<\/span>\n\t\t\t\t\t<\/a>\n\t\t\t\t<\/div>\n\t\t\t\t\t\t\t\t<\/div>\n\t\t\t\t<\/div>\n\t\t\t\t\t<\/div>\n\t\t\t\t<\/div>\n\t\t<div class=\"elementor-element elementor-element-302a97a e-flex e-con-boxed wpr-particle-no wpr-jarallax-no wpr-parallax-no wpr-sticky-section-no wpr-column-slider-no wpr-equal-height-no e-con e-parent\" data-id=\"302a97a\" data-element_type=\"container\" data-e-type=\"container\">\n\t\t\t\t\t<div class=\"e-con-inner\">\n\t\t\t\t<div class=\"elementor-element elementor-element-8b11d2f elementor-widget__width-inherit elementor-widget-divider--separator-type-pattern elementor-widget-divider--no-spacing elementor-widget-divider--view-line elementor-widget elementor-widget-divider\" data-id=\"8b11d2f\" data-element_type=\"widget\" data-e-type=\"widget\" data-widget_type=\"divider.default\">\n\t\t\t\t<div class=\"elementor-widget-container\">\n\t\t\t\t\t\t\t<div class=\"elementor-divider\" style=\"--divider-pattern-url: url(&quot;data:image\/svg+xml,%3Csvg xmlns=&#039;http:\/\/www.w3.org\/2000\/svg&#039; preserveAspectRatio=&#039;xMidYMid meet&#039; overflow=&#039;visible&#039; height=&#039;100%&#039; viewBox=&#039;0 0 117 26&#039; fill=&#039;black&#039; stroke=&#039;none&#039;%3E%3Cpath d=&#039;M3,1.5C5,4.9,6,8.8,6,13s-1.7,8.1-5,11.5C0.3,21.1,0,17.2,0,13S1,4.9,3,1.5z M16,1.5c2,3.4,3,7.3,3,11.5s-1,8.1-3,11.5c-2-4.1-3-8.3-3-12.5S14,4.3,16,1.5z M29,1.5c2,4.8,3,9.3,3,13.5s-1,7.4-3,9.5c-2-3.4-3-7.3-3-11.5S27,4.9,29,1.5z M41.1,1.5C43.7,4.9,45,8.8,45,13s-1,8.1-3,11.5c-2-3.4-3-7.3-3-11.5S39.7,4.9,41.1,1.5zM55,1.5c2,2.8,3,6.3,3,10.5s-1.3,8.4-4,12.5c-1.3-3.4-2-7.3-2-11.5S53,4.9,55,1.5z M68,1.5c2,3.4,3,7.3,3,11.5s-0.7,8.1-2,11.5c-2.7-4.8-4-9.3-4-13.5S66,3.6,68,1.5z M82,1.5c1.3,4.8,2,9.3,2,13.5s-1,7.4-3,9.5c-2-3.4-3-7.3-3-11.5S79.3,4.9,82,1.5z M94,1.5c2,3.4,3,7.3,3,11.5s-1.3,8.1-4,11.5c-1.3-1.4-2-4.3-2-8.5S92,6.9,94,1.5z M107,1.5c2,2.1,3,5.3,3,9.5s-0.7,8.7-2,13.5c-2.7-3.4-4-7.3-4-11.5S105,4.9,107,1.5z&#039;\/%3E%3C\/svg%3E&quot;);\">\n\t\t\t<span class=\"elementor-divider-separator\">\n\t\t\t\t\t\t<\/span>\n\t\t<\/div>\n\t\t\t\t\t\t<\/div>\n\t\t\t\t<\/div>\n\t\t\t\t\t<\/div>\n\t\t\t\t<\/div>\n\t\t<div class=\"elementor-element elementor-element-4f088c4 e-flex e-con-boxed wpr-particle-no wpr-jarallax-no wpr-parallax-no wpr-sticky-section-no wpr-column-slider-no wpr-equal-height-no e-con e-parent\" data-id=\"4f088c4\" data-element_type=\"container\" data-e-type=\"container\">\n\t\t\t\t\t<div class=\"e-con-inner\">\n\t\t\t\t<div class=\"elementor-element elementor-element-ad1eb7c elementor-widget__width-inherit elementor-widget elementor-widget-text-editor\" data-id=\"ad1eb7c\" data-element_type=\"widget\" data-e-type=\"widget\" data-widget_type=\"text-editor.default\">\n\t\t\t\t<div class=\"elementor-widget-container\">\n\t\t\t\t\t\t\t\t\t<h1>\u00a0<\/h1><h1 class=\"Post-title ob-h2\"><strong>Coquinerie<\/strong><\/h1><nav class=\"breadcrumb\"><ul><li style=\"list-style-type: none;\">\u00a0<\/li><\/ul><\/nav><div class=\"Post-body\"><div class=\"ob-sections\"><div class=\"ob-section ob-section-html \"><p>\u00a0\u00a0<\/p><p><img decoding=\"async\" class=\"aligncenter\" src=\"https:\/\/ekladata.com\/xexQyFbZ6GjK4GMVk9MHG_f7vZI@150x145.jpg\" alt=\"\" width=\"150\" height=\"144\" \/><\/p><p>\u00a0<\/p><p><em>Id\u00e9e furtive o\u00f9 soudain je vis<\/em><\/p><p><em>De la chantilly<\/em><\/p><p><em>Au bout de ton v\u00eet<\/em><\/p><p><em>M&rsquo;est avis<\/em><\/p><p><em>Que je ne vis<\/em><\/p><p><em>Que pour cette envie<\/em><\/p><p><em>Plus d\u00e9lectable qu&rsquo;une sucette au carvi!<\/em><\/p><p><em>De mon \u00e2me asservie<\/em><\/p><p><em>Je m\u2019agenouille ravie<\/em><\/p><p><em>A tes pieds je me convie<\/em><\/p><p><em>Les l\u00e8vres allouvies*<\/em><\/p><p><em>Face \u00e0 ton membre droit comme un \u2018\u2018i\u2019\u2019 !<\/em><\/p><p><em>Jusqu\u2019\u00e0 son sommet j\u2019ai suivi<\/em><\/p><p><em>Un chemin de plaisir exquis<\/em><\/p><p><em>De ma langue je le gravis<\/em><\/p><p><em>Gourmandise poursuivie<\/em><\/p><p><em>R\u00e9compense assouvie<\/em><\/p><p><em>Dans ma bouche te voici servi ! \u00a0\u00a9<\/em><\/p><p><em>*affam\u00e9es!<\/em><\/p><\/div><\/div><\/div><p>\u00a0<\/p><p>\u00a0<\/p><p>\u00a0<\/p>\t\t\t\t\t\t\t\t<\/div>\n\t\t\t\t<\/div>\n\t\t\t\t<div class=\"elementor-element elementor-element-7b21254 elementor-widget elementor-widget-elementskit-back-to-top\" data-id=\"7b21254\" data-element_type=\"widget\" data-e-type=\"widget\" data-widget_type=\"elementskit-back-to-top.default\">\n\t\t\t\t<div class=\"elementor-widget-container\">\n\t\t\t\t\t<div class=\"ekit-wid-con\" >\t\t\t<div class=\"ekit-back-to-top-container ekit-btt icon_only\" data-settings=\"{&quot;offset_top&quot;:0,&quot;show_after&quot;:null,&quot;show_scroll&quot;:&quot;&quot;,&quot;style&quot;:&quot;icon_only&quot;,&quot;foreground&quot;:null,&quot;background&quot;:null}\"> \n\t\t\t\t<span class=\"ekit-btt__button \">\n\t\t\t\t\t<svg aria-hidden=\"true\" class=\"e-font-icon-svg e-fas-feather-alt\" viewBox=\"0 0 512 512\" xmlns=\"http:\/\/www.w3.org\/2000\/svg\"><path d=\"M512 0C460.22 3.56 96.44 38.2 71.01 287.61c-3.09 26.66-4.84 53.44-5.99 80.24l178.87-178.69c6.25-6.25 16.4-6.25 22.65 0s6.25 16.38 0 22.63L7.04 471.03c-9.38 9.37-9.38 24.57 0 33.94 9.38 9.37 24.59 9.37 33.98 0l57.13-57.07c42.09-.14 84.15-2.53 125.96-7.36 53.48-5.44 97.02-26.47 132.58-56.54H255.74l146.79-48.88c11.25-14.89 21.37-30.71 30.45-47.12h-81.14l106.54-53.21C500.29 132.86 510.19 26.26 512 0z\"><\/path><\/svg>\t\t\t\t<\/span>\n\t\t\t<\/div>\n\t\t<\/div>\t\t\t\t<\/div>\n\t\t\t\t<\/div>\n\t\t\t\t\t<\/div>\n\t\t\t\t<\/div>\n\t\t<div class=\"elementor-element elementor-element-094d7c5 e-flex e-con-boxed wpr-particle-no wpr-jarallax-no wpr-parallax-no wpr-sticky-section-no wpr-column-slider-no wpr-equal-height-no e-con e-parent\" data-id=\"094d7c5\" data-element_type=\"container\" data-e-type=\"container\">\n\t\t\t\t\t<div class=\"e-con-inner\">\n\t\t\t\t<div class=\"elementor-element elementor-element-b17fc6d elementor-widget__width-inherit elementor-widget-divider--separator-type-pattern elementor-widget-divider--no-spacing elementor-widget-divider--view-line elementor-widget elementor-widget-divider\" data-id=\"b17fc6d\" data-element_type=\"widget\" data-e-type=\"widget\" data-widget_type=\"divider.default\">\n\t\t\t\t<div class=\"elementor-widget-container\">\n\t\t\t\t\t\t\t<div class=\"elementor-divider\" style=\"--divider-pattern-url: url(&quot;data:image\/svg+xml,%3Csvg xmlns=&#039;http:\/\/www.w3.org\/2000\/svg&#039; preserveAspectRatio=&#039;xMidYMid meet&#039; overflow=&#039;visible&#039; height=&#039;100%&#039; viewBox=&#039;0 0 117 26&#039; fill=&#039;black&#039; stroke=&#039;none&#039;%3E%3Cpath d=&#039;M3,1.5C5,4.9,6,8.8,6,13s-1.7,8.1-5,11.5C0.3,21.1,0,17.2,0,13S1,4.9,3,1.5z M16,1.5c2,3.4,3,7.3,3,11.5s-1,8.1-3,11.5c-2-4.1-3-8.3-3-12.5S14,4.3,16,1.5z M29,1.5c2,4.8,3,9.3,3,13.5s-1,7.4-3,9.5c-2-3.4-3-7.3-3-11.5S27,4.9,29,1.5z M41.1,1.5C43.7,4.9,45,8.8,45,13s-1,8.1-3,11.5c-2-3.4-3-7.3-3-11.5S39.7,4.9,41.1,1.5zM55,1.5c2,2.8,3,6.3,3,10.5s-1.3,8.4-4,12.5c-1.3-3.4-2-7.3-2-11.5S53,4.9,55,1.5z M68,1.5c2,3.4,3,7.3,3,11.5s-0.7,8.1-2,11.5c-2.7-4.8-4-9.3-4-13.5S66,3.6,68,1.5z M82,1.5c1.3,4.8,2,9.3,2,13.5s-1,7.4-3,9.5c-2-3.4-3-7.3-3-11.5S79.3,4.9,82,1.5z M94,1.5c2,3.4,3,7.3,3,11.5s-1.3,8.1-4,11.5c-1.3-1.4-2-4.3-2-8.5S92,6.9,94,1.5z M107,1.5c2,2.1,3,5.3,3,9.5s-0.7,8.7-2,13.5c-2.7-3.4-4-7.3-4-11.5S105,4.9,107,1.5z&#039;\/%3E%3C\/svg%3E&quot;);\">\n\t\t\t<span class=\"elementor-divider-separator\">\n\t\t\t\t\t\t<\/span>\n\t\t<\/div>\n\t\t\t\t\t\t<\/div>\n\t\t\t\t<\/div>\n\t\t\t\t\t<\/div>\n\t\t\t\t<\/div>\n\t\t<div class=\"elementor-element elementor-element-9b2737d e-flex e-con-boxed wpr-particle-no wpr-jarallax-no wpr-parallax-no wpr-sticky-section-no wpr-column-slider-no wpr-equal-height-no e-con e-parent\" data-id=\"9b2737d\" data-element_type=\"container\" data-e-type=\"container\">\n\t\t\t\t\t<div class=\"e-con-inner\">\n\t\t<div class=\"elementor-element elementor-element-f0bd46a e-con-full e-flex wpr-particle-no wpr-jarallax-no wpr-parallax-no wpr-sticky-section-no wpr-column-slider-no wpr-equal-height-no e-con e-child\" data-id=\"f0bd46a\" data-element_type=\"container\" data-e-type=\"container\">\n\t\t\t\t<div class=\"elementor-element elementor-element-2b5fed8 elementor-widget__width-inherit elementor-widget-divider--separator-type-pattern elementor-widget-divider--no-spacing elementor-widget-divider--view-line elementor-widget elementor-widget-divider\" data-id=\"2b5fed8\" data-element_type=\"widget\" data-e-type=\"widget\" data-widget_type=\"divider.default\">\n\t\t\t\t<div class=\"elementor-widget-container\">\n\t\t\t\t\t\t\t<div class=\"elementor-divider\" style=\"--divider-pattern-url: url(&quot;data:image\/svg+xml,%3Csvg xmlns=&#039;http:\/\/www.w3.org\/2000\/svg&#039; preserveAspectRatio=&#039;xMidYMid meet&#039; overflow=&#039;visible&#039; height=&#039;100%&#039; viewBox=&#039;0 0 117 26&#039; fill=&#039;black&#039; stroke=&#039;none&#039;%3E%3Cpath d=&#039;M3,1.5C5,4.9,6,8.8,6,13s-1.7,8.1-5,11.5C0.3,21.1,0,17.2,0,13S1,4.9,3,1.5z M16,1.5c2,3.4,3,7.3,3,11.5s-1,8.1-3,11.5c-2-4.1-3-8.3-3-12.5S14,4.3,16,1.5z M29,1.5c2,4.8,3,9.3,3,13.5s-1,7.4-3,9.5c-2-3.4-3-7.3-3-11.5S27,4.9,29,1.5z M41.1,1.5C43.7,4.9,45,8.8,45,13s-1,8.1-3,11.5c-2-3.4-3-7.3-3-11.5S39.7,4.9,41.1,1.5zM55,1.5c2,2.8,3,6.3,3,10.5s-1.3,8.4-4,12.5c-1.3-3.4-2-7.3-2-11.5S53,4.9,55,1.5z M68,1.5c2,3.4,3,7.3,3,11.5s-0.7,8.1-2,11.5c-2.7-4.8-4-9.3-4-13.5S66,3.6,68,1.5z M82,1.5c1.3,4.8,2,9.3,2,13.5s-1,7.4-3,9.5c-2-3.4-3-7.3-3-11.5S79.3,4.9,82,1.5z M94,1.5c2,3.4,3,7.3,3,11.5s-1.3,8.1-4,11.5c-1.3-1.4-2-4.3-2-8.5S92,6.9,94,1.5z M107,1.5c2,2.1,3,5.3,3,9.5s-0.7,8.7-2,13.5c-2.7-3.4-4-7.3-4-11.5S105,4.9,107,1.5z&#039;\/%3E%3C\/svg%3E&quot;);\">\n\t\t\t<span class=\"elementor-divider-separator\">\n\t\t\t\t\t\t<\/span>\n\t\t<\/div>\n\t\t\t\t\t\t<\/div>\n\t\t\t\t<\/div>\n\t\t\t\t<\/div>\n\t\t\t\t\t<\/div>\n\t\t\t\t<\/div>\n\t\t\t\t<\/div>\n\t\t","protected":false},"excerpt":{"rendered":"<p>Retour aux Menus Carrousels \u00a0 Coquinerie \u00a0 \u00a0\u00a0 \u00a0 Id\u00e9e furtive o\u00f9 soudain je vis De la chantilly Au bout de ton v\u00eet M&rsquo;est avis Que je ne vis Que pour cette envie Plus d\u00e9lectable qu&rsquo;une sucette au carvi! De mon \u00e2me asservie Je m\u2019agenouille ravie A tes pieds je me convie Les l\u00e8vres allouvies* Face \u00e0 ton membre droit comme un \u2018\u2018i\u2019\u2019 ! Jusqu\u2019\u00e0 son sommet j\u2019ai suivi Un chemin de plaisir exquis De ma langue je le gravis Gourmandise poursuivie R\u00e9compense assouvie Dans ma bouche te voici servi ! \u00a0\u00a9 *affam\u00e9es! \u00a0 \u00a0 \u00a0<\/p>\n","protected":false},"author":1,"featured_media":0,"parent":0,"menu_order":0,"comment_status":"closed","ping_status":"closed","template":"elementor_header_footer","meta":{"_uag_custom_page_level_css":"","footnotes":""},"class_list":["post-730","page","type-page","status-publish","hentry"],"yoast_head":"<!-- This site is optimized with the Yoast SEO plugin v27.5 - https:\/\/yoast.com\/product\/yoast-seo-wordpress\/ -->\n<title>Paillardises - Sur les Terres d&#039;Altyr<\/title>\n<meta name=\"robots\" content=\"index, follow, max-snippet:-1, max-image-preview:large, max-video-preview:-1\" \/>\n<link rel=\"canonical\" href=\"https:\/\/surlesterresdaltyr.com\/index.php\/paillardises\/\" \/>\n<meta property=\"og:locale\" content=\"fr_FR\" \/>\n<meta property=\"og:type\" content=\"article\" \/>\n<meta property=\"og:title\" content=\"Paillardises - Sur les Terres d&#039;Altyr\" \/>\n<meta property=\"og:description\" content=\"Retour aux Menus Carrousels \u00a0 Coquinerie \u00a0 \u00a0\u00a0 \u00a0 Id\u00e9e furtive o\u00f9 soudain je vis De la chantilly Au bout de ton v\u00eet M&rsquo;est avis Que je ne vis Que pour cette envie Plus d\u00e9lectable qu&rsquo;une sucette au carvi! De mon \u00e2me asservie Je m\u2019agenouille ravie A tes pieds je me convie Les l\u00e8vres allouvies* Face \u00e0 ton membre droit comme un \u2018\u2018i\u2019\u2019 ! Jusqu\u2019\u00e0 son sommet j\u2019ai suivi Un chemin de plaisir exquis De ma langue je le gravis Gourmandise poursuivie R\u00e9compense assouvie Dans ma bouche te voici servi ! \u00a0\u00a9 *affam\u00e9es! \u00a0 \u00a0 \u00a0\" \/>\n<meta property=\"og:url\" content=\"https:\/\/surlesterresdaltyr.com\/index.php\/paillardises\/\" \/>\n<meta property=\"og:site_name\" content=\"Sur les Terres d&#039;Altyr\" \/>\n<meta property=\"article:publisher\" content=\"https:\/\/www.facebook.com\/surlesterresdaltyr\/\" \/>\n<meta property=\"article:modified_time\" content=\"2025-02-11T19:01:11+00:00\" \/>\n<meta property=\"og:image\" content=\"https:\/\/ekladata.com\/xexQyFbZ6GjK4GMVk9MHG_f7vZI@150x145.jpg\" \/>\n<meta name=\"twitter:card\" content=\"summary_large_image\" \/>\n<meta name=\"twitter:label1\" content=\"Dur\u00e9e de lecture estim\u00e9e\" \/>\n\t<meta name=\"twitter:data1\" content=\"1 minute\" \/>\n<script type=\"application\/ld+json\" class=\"yoast-schema-graph\">{\"@context\":\"https:\\\/\\\/schema.org\",\"@graph\":[{\"@type\":\"WebPage\",\"@id\":\"https:\\\/\\\/surlesterresdaltyr.com\\\/index.php\\\/paillardises\\\/\",\"url\":\"https:\\\/\\\/surlesterresdaltyr.com\\\/index.php\\\/paillardises\\\/\",\"name\":\"Paillardises - Sur les Terres d&#039;Altyr\",\"isPartOf\":{\"@id\":\"https:\\\/\\\/surlesterresdaltyr.com\\\/#website\"},\"primaryImageOfPage\":{\"@id\":\"https:\\\/\\\/surlesterresdaltyr.com\\\/index.php\\\/paillardises\\\/#primaryimage\"},\"image\":{\"@id\":\"https:\\\/\\\/surlesterresdaltyr.com\\\/index.php\\\/paillardises\\\/#primaryimage\"},\"thumbnailUrl\":\"https:\\\/\\\/ekladata.com\\\/xexQyFbZ6GjK4GMVk9MHG_f7vZI@150x145.jpg\",\"datePublished\":\"2025-02-10T20:23:09+00:00\",\"dateModified\":\"2025-02-11T19:01:11+00:00\",\"breadcrumb\":{\"@id\":\"https:\\\/\\\/surlesterresdaltyr.com\\\/index.php\\\/paillardises\\\/#breadcrumb\"},\"inLanguage\":\"fr-FR\",\"potentialAction\":[{\"@type\":\"ReadAction\",\"target\":[\"https:\\\/\\\/surlesterresdaltyr.com\\\/index.php\\\/paillardises\\\/\"]}]},{\"@type\":\"ImageObject\",\"inLanguage\":\"fr-FR\",\"@id\":\"https:\\\/\\\/surlesterresdaltyr.com\\\/index.php\\\/paillardises\\\/#primaryimage\",\"url\":\"https:\\\/\\\/ekladata.com\\\/xexQyFbZ6GjK4GMVk9MHG_f7vZI@150x145.jpg\",\"contentUrl\":\"https:\\\/\\\/ekladata.com\\\/xexQyFbZ6GjK4GMVk9MHG_f7vZI@150x145.jpg\"},{\"@type\":\"BreadcrumbList\",\"@id\":\"https:\\\/\\\/surlesterresdaltyr.com\\\/index.php\\\/paillardises\\\/#breadcrumb\",\"itemListElement\":[{\"@type\":\"ListItem\",\"position\":1,\"name\":\"Accueil\",\"item\":\"https:\\\/\\\/surlesterresdaltyr.com\\\/\"},{\"@type\":\"ListItem\",\"position\":2,\"name\":\"Paillardises\"}]},{\"@type\":\"WebSite\",\"@id\":\"https:\\\/\\\/surlesterresdaltyr.com\\\/#website\",\"url\":\"https:\\\/\\\/surlesterresdaltyr.com\\\/\",\"name\":\"Sur les Terres d'Altyr\",\"description\":\"Contes et L\u00e9gendes Oubli\u00e9es\",\"publisher\":{\"@id\":\"https:\\\/\\\/surlesterresdaltyr.com\\\/#organization\"},\"potentialAction\":[{\"@type\":\"SearchAction\",\"target\":{\"@type\":\"EntryPoint\",\"urlTemplate\":\"https:\\\/\\\/surlesterresdaltyr.com\\\/?s={search_term_string}\"},\"query-input\":{\"@type\":\"PropertyValueSpecification\",\"valueRequired\":true,\"valueName\":\"search_term_string\"}}],\"inLanguage\":\"fr-FR\"},{\"@type\":\"Organization\",\"@id\":\"https:\\\/\\\/surlesterresdaltyr.com\\\/#organization\",\"name\":\"Sur les Terres d'Altyr\",\"url\":\"https:\\\/\\\/surlesterresdaltyr.com\\\/\",\"logo\":{\"@type\":\"ImageObject\",\"inLanguage\":\"fr-FR\",\"@id\":\"https:\\\/\\\/surlesterresdaltyr.com\\\/#\\\/schema\\\/logo\\\/image\\\/\",\"url\":\"https:\\\/\\\/surlesterresdaltyr.com\\\/wp-content\\\/uploads\\\/2025\\\/02\\\/cropped-Altyr-Yggdrasil.jpg\",\"contentUrl\":\"https:\\\/\\\/surlesterresdaltyr.com\\\/wp-content\\\/uploads\\\/2025\\\/02\\\/cropped-Altyr-Yggdrasil.jpg\",\"width\":512,\"height\":512,\"caption\":\"Sur les Terres d'Altyr\"},\"image\":{\"@id\":\"https:\\\/\\\/surlesterresdaltyr.com\\\/#\\\/schema\\\/logo\\\/image\\\/\"},\"sameAs\":[\"https:\\\/\\\/www.facebook.com\\\/surlesterresdaltyr\\\/\",\"https:\\\/\\\/www.instagram.com\\\/surlesterresdaltyr\\\/\"]}]}<\/script>\n<!-- \/ Yoast SEO plugin. -->","yoast_head_json":{"title":"Paillardises - Sur les Terres d&#039;Altyr","robots":{"index":"index","follow":"follow","max-snippet":"max-snippet:-1","max-image-preview":"max-image-preview:large","max-video-preview":"max-video-preview:-1"},"canonical":"https:\/\/surlesterresdaltyr.com\/index.php\/paillardises\/","og_locale":"fr_FR","og_type":"article","og_title":"Paillardises - Sur les Terres d&#039;Altyr","og_description":"Retour aux Menus Carrousels \u00a0 Coquinerie \u00a0 \u00a0\u00a0 \u00a0 Id\u00e9e furtive o\u00f9 soudain je vis De la chantilly Au bout de ton v\u00eet M&rsquo;est avis Que je ne vis Que pour cette envie Plus d\u00e9lectable qu&rsquo;une sucette au carvi! De mon \u00e2me asservie Je m\u2019agenouille ravie A tes pieds je me convie Les l\u00e8vres allouvies* Face \u00e0 ton membre droit comme un \u2018\u2018i\u2019\u2019 ! Jusqu\u2019\u00e0 son sommet j\u2019ai suivi Un chemin de plaisir exquis De ma langue je le gravis Gourmandise poursuivie R\u00e9compense assouvie Dans ma bouche te voici servi ! \u00a0\u00a9 *affam\u00e9es! \u00a0 \u00a0 \u00a0","og_url":"https:\/\/surlesterresdaltyr.com\/index.php\/paillardises\/","og_site_name":"Sur les Terres d&#039;Altyr","article_publisher":"https:\/\/www.facebook.com\/surlesterresdaltyr\/","article_modified_time":"2025-02-11T19:01:11+00:00","og_image":[{"url":"https:\/\/ekladata.com\/xexQyFbZ6GjK4GMVk9MHG_f7vZI@150x145.jpg","type":"","width":"","height":""}],"twitter_card":"summary_large_image","twitter_misc":{"Dur\u00e9e de lecture estim\u00e9e":"1 minute"},"schema":{"@context":"https:\/\/schema.org","@graph":[{"@type":"WebPage","@id":"https:\/\/surlesterresdaltyr.com\/index.php\/paillardises\/","url":"https:\/\/surlesterresdaltyr.com\/index.php\/paillardises\/","name":"Paillardises - Sur les Terres d&#039;Altyr","isPartOf":{"@id":"https:\/\/surlesterresdaltyr.com\/#website"},"primaryImageOfPage":{"@id":"https:\/\/surlesterresdaltyr.com\/index.php\/paillardises\/#primaryimage"},"image":{"@id":"https:\/\/surlesterresdaltyr.com\/index.php\/paillardises\/#primaryimage"},"thumbnailUrl":"https:\/\/ekladata.com\/xexQyFbZ6GjK4GMVk9MHG_f7vZI@150x145.jpg","datePublished":"2025-02-10T20:23:09+00:00","dateModified":"2025-02-11T19:01:11+00:00","breadcrumb":{"@id":"https:\/\/surlesterresdaltyr.com\/index.php\/paillardises\/#breadcrumb"},"inLanguage":"fr-FR","potentialAction":[{"@type":"ReadAction","target":["https:\/\/surlesterresdaltyr.com\/index.php\/paillardises\/"]}]},{"@type":"ImageObject","inLanguage":"fr-FR","@id":"https:\/\/surlesterresdaltyr.com\/index.php\/paillardises\/#primaryimage","url":"https:\/\/ekladata.com\/xexQyFbZ6GjK4GMVk9MHG_f7vZI@150x145.jpg","contentUrl":"https:\/\/ekladata.com\/xexQyFbZ6GjK4GMVk9MHG_f7vZI@150x145.jpg"},{"@type":"BreadcrumbList","@id":"https:\/\/surlesterresdaltyr.com\/index.php\/paillardises\/#breadcrumb","itemListElement":[{"@type":"ListItem","position":1,"name":"Accueil","item":"https:\/\/surlesterresdaltyr.com\/"},{"@type":"ListItem","position":2,"name":"Paillardises"}]},{"@type":"WebSite","@id":"https:\/\/surlesterresdaltyr.com\/#website","url":"https:\/\/surlesterresdaltyr.com\/","name":"Sur les Terres d'Altyr","description":"Contes et L\u00e9gendes Oubli\u00e9es","publisher":{"@id":"https:\/\/surlesterresdaltyr.com\/#organization"},"potentialAction":[{"@type":"SearchAction","target":{"@type":"EntryPoint","urlTemplate":"https:\/\/surlesterresdaltyr.com\/?s={search_term_string}"},"query-input":{"@type":"PropertyValueSpecification","valueRequired":true,"valueName":"search_term_string"}}],"inLanguage":"fr-FR"},{"@type":"Organization","@id":"https:\/\/surlesterresdaltyr.com\/#organization","name":"Sur les Terres d'Altyr","url":"https:\/\/surlesterresdaltyr.com\/","logo":{"@type":"ImageObject","inLanguage":"fr-FR","@id":"https:\/\/surlesterresdaltyr.com\/#\/schema\/logo\/image\/","url":"https:\/\/surlesterresdaltyr.com\/wp-content\/uploads\/2025\/02\/cropped-Altyr-Yggdrasil.jpg","contentUrl":"https:\/\/surlesterresdaltyr.com\/wp-content\/uploads\/2025\/02\/cropped-Altyr-Yggdrasil.jpg","width":512,"height":512,"caption":"Sur les Terres d'Altyr"},"image":{"@id":"https:\/\/surlesterresdaltyr.com\/#\/schema\/logo\/image\/"},"sameAs":["https:\/\/www.facebook.com\/surlesterresdaltyr\/","https:\/\/www.instagram.com\/surlesterresdaltyr\/"]}]}},"uagb_featured_image_src":{"full":false,"thumbnail":false,"medium":false,"medium_large":false,"large":false,"1536x1536":false,"2048x2048":false,"post-thumbnail":false,"minimalistblogger-grid":false,"minimalistblogger-slider":false,"minimalistblogger-small":false,"mailpoet_newsletter_max":false},"uagb_author_info":{"display_name":"Elisabeth \u00dcbner","author_link":"https:\/\/surlesterresdaltyr.com\/index.php\/author\/admin9336\/"},"uagb_comment_info":0,"uagb_excerpt":"Retour aux Menus Carrousels \u00a0 Coquinerie \u00a0 \u00a0\u00a0 \u00a0 Id\u00e9e furtive o\u00f9 soudain je vis De la chantilly Au bout de ton v\u00eet M&rsquo;est avis Que je ne vis Que pour cette envie Plus d\u00e9lectable qu&rsquo;une sucette au carvi! De mon \u00e2me asservie Je m\u2019agenouille ravie A tes pieds je me convie Les l\u00e8vres allouvies*\u2026","_links":{"self":[{"href":"https:\/\/surlesterresdaltyr.com\/index.php\/wp-json\/wp\/v2\/pages\/730","targetHints":{"allow":["GET"]}}],"collection":[{"href":"https:\/\/surlesterresdaltyr.com\/index.php\/wp-json\/wp\/v2\/pages"}],"about":[{"href":"https:\/\/surlesterresdaltyr.com\/index.php\/wp-json\/wp\/v2\/types\/page"}],"author":[{"embeddable":true,"href":"https:\/\/surlesterresdaltyr.com\/index.php\/wp-json\/wp\/v2\/users\/1"}],"replies":[{"embeddable":true,"href":"https:\/\/surlesterresdaltyr.com\/index.php\/wp-json\/wp\/v2\/comments?post=730"}],"version-history":[{"count":7,"href":"https:\/\/surlesterresdaltyr.com\/index.php\/wp-json\/wp\/v2\/pages\/730\/revisions"}],"predecessor-version":[{"id":1248,"href":"https:\/\/surlesterresdaltyr.com\/index.php\/wp-json\/wp\/v2\/pages\/730\/revisions\/1248"}],"wp:attachment":[{"href":"https:\/\/surlesterresdaltyr.com\/index.php\/wp-json\/wp\/v2\/media?parent=730"}],"curies":[{"name":"wp","href":"https:\/\/api.w.org\/{rel}","templated":true}]}}